{"id":2,"date":"2016-02-14T06:14:07","date_gmt":"2016-02-14T06:14:07","guid":{"rendered":"http:\/\/www.nkartravelhouse.com\/fr\/?page_id=2"},"modified":"2024-06-06T09:49:48","modified_gmt":"2024-06-06T04:19:48","slug":"default","status":"publish","type":"page","link":"https:\/\/www.nkartravelhouse.com\/fr\/","title":{"rendered":"Page d\u2019accueil"},"content":{"rendered":"<p>Venez voyager au Sri Lanka comme jamais auparavant avec nous ici \u00e0 NKAR Travel House! C\u2019est notre croyance fondamentale que chaque client devrait avoir un voyage d\u2019une vie, \u00e0 cette fin, nous aspirons \u00e0 offrir seulement le meilleur de cette \u00eele authentique. Choisissez parmi une s\u00e9rie de visites soigneusement organis\u00e9es, con\u00e7ues pour r\u00e9pondre \u00e0 un large \u00e9ventail d\u2019int\u00e9r\u00eats. Embarquez pour un voyage \u00e9clairant \u00e0 travers un patrimoine digne, une culture vibrante, une cuisine locale \u00e9pic\u00e9e, des traditions riches, des montagnes vertes et brumeuses luxuriantes, des plages de sable dor\u00e9 pr\u00e9serv\u00e9es embrass\u00e9es par l\u2019eau bleue turquoise cristalline. D\u00e9couvrez les plus grands de la mer et de la terre, les \u00e9l\u00e9phants et les baleines avec une exp\u00e9rience aventureuse de la faune. Belle for\u00eat tropicale reliant \u00e0 de superbes cha\u00eenes de montagnes. 8 sites du patrimoine de l\u2019UNESCO et bien plus encore.<\/p>\n","protected":false},"excerpt":{"rendered":"<p>Venez voyager au Sri Lanka comme jamais auparavant avec nous ici \u00e0 NKAR Travel House! C\u2019est notre croyance fondamentale que chaque client devrait avoir un voyage d\u2019une vie, \u00e0 cette fin, nous aspirons \u00e0 offrir seulement le meilleur de cette \u00eele authentique. Choisissez parmi une s\u00e9rie de visites soigneusement organis\u00e9es, con\u00e7ues pour r\u00e9pondre \u00e0 un [&hellip;]<\/p>\n","protected":false},"author":1,"featured_media":0,"parent":0,"menu_order":1,"comment_status":"closed","ping_status":"closed","template":"","meta":{"footnotes":""},"acf":[],"_links":{"self":[{"href":"https:\/\/www.nkartravelhouse.com\/fr\/wp-json\/wp\/v2\/pages\/2"}],"collection":[{"href":"https:\/\/www.nkartravelhouse.com\/fr\/wp-json\/wp\/v2\/pages"}],"about":[{"href":"https:\/\/www.nkartravelhouse.com\/fr\/wp-json\/wp\/v2\/types\/page"}],"author":[{"embeddable":true,"href":"https:\/\/www.nkartravelhouse.com\/fr\/wp-json\/wp\/v2\/users\/1"}],"replies":[{"embeddable":true,"href":"https:\/\/www.nkartravelhouse.com\/fr\/wp-json\/wp\/v2\/comments?post=2"}],"version-history":[{"count":2,"href":"https:\/\/www.nkartravelhouse.com\/fr\/wp-json\/wp\/v2\/pages\/2\/revisions"}],"predecessor-version":[{"id":12093,"href":"https:\/\/www.nkartravelhouse.com\/fr\/wp-json\/wp\/v2\/pages\/2\/revisions\/12093"}],"wp:attachment":[{"href":"https:\/\/www.nkartravelhouse.com\/fr\/wp-json\/wp\/v2\/media?parent=2"}],"curies":[{"name":"wp","href":"https:\/\/api.w.org\/{rel}","templated":true}]}}