{"id":3031,"date":"2018-12-26T13:22:32","date_gmt":"2018-12-26T07:52:32","guid":{"rendered":"http:\/\/www.nkartravelhouse.com\/fr\/?page_id=3031"},"modified":"2023-06-12T11:42:35","modified_gmt":"2023-06-12T06:12:35","slug":"seat-in-coach","status":"publish","type":"page","link":"https:\/\/www.nkartravelhouse.com\/fr\/tours\/classical-tours\/seat-in-coach.html","title":{"rendered":"Les Depart Garantis Au Sri Lanka"},"content":{"rendered":"<p>En comparant avec les autres d\u00e9parts garantis  \u2013 qui couvrent  des lieux int\u00e9ressants d\u2019une destination particuli\u00e8re \u2013 notre circuit est une exp\u00e9rience qui conjugue la nature, la culture et le paysage de l\u2019\u00eele paradisiaque. Par cons\u00e9quent, \u00ab contact avec les locaux  \u00bb est un point culminant de nos d\u00e9parts garantis  au Sri Lanka qui ont \u00e9t\u00e9 con\u00e7ues pour vous offrir le \u00ab vrai go\u00fbt \u00bb \u00e0 travers le mode de vie sri lankais. En fait, ce sera l\u2019une des principales raisons pour lesquelles vous emporterez chez vous non seulement des souvenirs de lieux pittoresques, mais un bouquet de souvenirs qui encreront de d\u00e9licieux souvenirs de la merveille de l\u2019Asie dans les temps \u00e0 venir!<\/p>\n","protected":false},"excerpt":{"rendered":"<p>En comparant avec les autres d\u00e9parts garantis \u2013 qui couvrent des lieux int\u00e9ressants d\u2019une destination particuli\u00e8re \u2013 notre circuit est une exp\u00e9rience qui conjugue la nature, la culture et le paysage de l\u2019\u00eele paradisiaque. Par cons\u00e9quent, \u00ab contact avec les locaux \u00bb est un point culminant de nos d\u00e9parts garantis au Sri Lanka qui ont [&hellip;]<\/p>\n","protected":false},"author":1,"featured_media":0,"parent":7874,"menu_order":5,"comment_status":"closed","ping_status":"closed","template":"","meta":{"footnotes":""},"acf":[],"_links":{"self":[{"href":"https:\/\/www.nkartravelhouse.com\/fr\/wp-json\/wp\/v2\/pages\/3031"}],"collection":[{"href":"https:\/\/www.nkartravelhouse.com\/fr\/wp-json\/wp\/v2\/pages"}],"about":[{"href":"https:\/\/www.nkartravelhouse.com\/fr\/wp-json\/wp\/v2\/types\/page"}],"author":[{"embeddable":true,"href":"https:\/\/www.nkartravelhouse.com\/fr\/wp-json\/wp\/v2\/users\/1"}],"replies":[{"embeddable":true,"href":"https:\/\/www.nkartravelhouse.com\/fr\/wp-json\/wp\/v2\/comments?post=3031"}],"version-history":[{"count":2,"href":"https:\/\/www.nkartravelhouse.com\/fr\/wp-json\/wp\/v2\/pages\/3031\/revisions"}],"predecessor-version":[{"id":11885,"href":"https:\/\/www.nkartravelhouse.com\/fr\/wp-json\/wp\/v2\/pages\/3031\/revisions\/11885"}],"up":[{"embeddable":true,"href":"https:\/\/www.nkartravelhouse.com\/fr\/wp-json\/wp\/v2\/pages\/7874"}],"wp:attachment":[{"href":"https:\/\/www.nkartravelhouse.com\/fr\/wp-json\/wp\/v2\/media?parent=3031"}],"curies":[{"name":"wp","href":"https:\/\/api.w.org\/{rel}","templated":true}]}}