{"id":3061,"date":"2018-12-26T14:19:04","date_gmt":"2018-12-26T08:49:04","guid":{"rendered":"http:\/\/www.nkartravelhouse.com\/fr\/?page_id=3061"},"modified":"2023-06-12T11:32:44","modified_gmt":"2023-06-12T06:02:44","slug":"culinary-tour","status":"publish","type":"page","link":"https:\/\/www.nkartravelhouse.com\/fr\/tours\/experiential-tours\/culinary-tour.html","title":{"rendered":"Circuit Gourmet"},"content":{"rendered":"<p>Ce forfait est initialement con\u00e7u pour 06 nuits\/07 jours. Mais nous sommes toujours heureux de r\u00e9pondre aux besoins de nos pr\u00e9cieux clients pour nous lancer dans un merveilleux circuit culinaire au Sri Lanka combinant de d\u00e9licieuses exp\u00e9riences culinaires et des sites touristiques. Il peut \u00eatre personnalis\u00e9 pour diff\u00e9rentes dur\u00e9es selon la demande.<\/p>\n","protected":false},"excerpt":{"rendered":"<p>Ce forfait est initialement con\u00e7u pour 06 nuits\/07 jours. Mais nous sommes toujours heureux de r\u00e9pondre aux besoins de nos pr\u00e9cieux clients pour nous lancer dans un merveilleux circuit culinaire au Sri Lanka combinant de d\u00e9licieuses exp\u00e9riences culinaires et des sites touristiques. Il peut \u00eatre personnalis\u00e9 pour diff\u00e9rentes dur\u00e9es selon la demande.<\/p>\n","protected":false},"author":1,"featured_media":0,"parent":8075,"menu_order":0,"comment_status":"closed","ping_status":"closed","template":"","meta":{"footnotes":""},"acf":[],"_links":{"self":[{"href":"https:\/\/www.nkartravelhouse.com\/fr\/wp-json\/wp\/v2\/pages\/3061"}],"collection":[{"href":"https:\/\/www.nkartravelhouse.com\/fr\/wp-json\/wp\/v2\/pages"}],"about":[{"href":"https:\/\/www.nkartravelhouse.com\/fr\/wp-json\/wp\/v2\/types\/page"}],"author":[{"embeddable":true,"href":"https:\/\/www.nkartravelhouse.com\/fr\/wp-json\/wp\/v2\/users\/1"}],"replies":[{"embeddable":true,"href":"https:\/\/www.nkartravelhouse.com\/fr\/wp-json\/wp\/v2\/comments?post=3061"}],"version-history":[{"count":2,"href":"https:\/\/www.nkartravelhouse.com\/fr\/wp-json\/wp\/v2\/pages\/3061\/revisions"}],"predecessor-version":[{"id":11870,"href":"https:\/\/www.nkartravelhouse.com\/fr\/wp-json\/wp\/v2\/pages\/3061\/revisions\/11870"}],"up":[{"embeddable":true,"href":"https:\/\/www.nkartravelhouse.com\/fr\/wp-json\/wp\/v2\/pages\/8075"}],"wp:attachment":[{"href":"https:\/\/www.nkartravelhouse.com\/fr\/wp-json\/wp\/v2\/media?parent=3061"}],"curies":[{"name":"wp","href":"https:\/\/api.w.org\/{rel}","templated":true}]}}