{"id":3080,"date":"2018-12-26T14:27:13","date_gmt":"2018-12-26T08:57:13","guid":{"rendered":"http:\/\/www.nkartravelhouse.com\/fr\/?page_id=3080"},"modified":"2023-06-12T11:39:13","modified_gmt":"2023-06-12T06:09:13","slug":"commercial-capital","status":"publish","type":"page","link":"https:\/\/www.nkartravelhouse.com\/fr\/about-sri-lanka\/destinations\/commercial-capital.html","title":{"rendered":"Capitale commerciale"},"content":{"rendered":"<p>Colombo, le c\u0153ur et l\u2019\u00e2me du Sri Lanka\u2026<\/p>\n<p>La capitale du Sri Lanka, Colombo, est le c\u0153ur et l\u2019\u00e2me de l\u2019\u00eele m\u00eame si Sri Jayawardana Pura Kotte est la capitale officielle. Les touristes sont les bienvenus au Sri Lanka avec de tres belles opportunit\u00e9s partout  \u2013 h\u00f4tels 5 \u00e9toiles, restaurants, vie nocturne, aventure et bien plus encore ! Parmi les principaux sites de Colombo, citons Galle Face Green, Viharamahadevi Park, Beira Lake, Colombo Race Course, le Plan\u00e9tarium, la plage du Mont Lavinia ainsi que le Mus\u00e9e National (en cours de r\u00e9novation)<\/p>\n","protected":false},"excerpt":{"rendered":"<p>Colombo, le c\u0153ur et l\u2019\u00e2me du Sri Lanka\u2026 La capitale du Sri Lanka, Colombo, est le c\u0153ur et l\u2019\u00e2me de l\u2019\u00eele m\u00eame si Sri Jayawardana Pura Kotte est la capitale officielle. Les touristes sont les bienvenus au Sri Lanka avec de tres belles opportunit\u00e9s partout \u2013 h\u00f4tels 5 \u00e9toiles, restaurants, vie nocturne, aventure et bien [&hellip;]<\/p>\n","protected":false},"author":1,"featured_media":0,"parent":3076,"menu_order":0,"comment_status":"closed","ping_status":"closed","template":"","meta":{"footnotes":""},"acf":[],"_links":{"self":[{"href":"https:\/\/www.nkartravelhouse.com\/fr\/wp-json\/wp\/v2\/pages\/3080"}],"collection":[{"href":"https:\/\/www.nkartravelhouse.com\/fr\/wp-json\/wp\/v2\/pages"}],"about":[{"href":"https:\/\/www.nkartravelhouse.com\/fr\/wp-json\/wp\/v2\/types\/page"}],"author":[{"embeddable":true,"href":"https:\/\/www.nkartravelhouse.com\/fr\/wp-json\/wp\/v2\/users\/1"}],"replies":[{"embeddable":true,"href":"https:\/\/www.nkartravelhouse.com\/fr\/wp-json\/wp\/v2\/comments?post=3080"}],"version-history":[{"count":3,"href":"https:\/\/www.nkartravelhouse.com\/fr\/wp-json\/wp\/v2\/pages\/3080\/revisions"}],"predecessor-version":[{"id":11879,"href":"https:\/\/www.nkartravelhouse.com\/fr\/wp-json\/wp\/v2\/pages\/3080\/revisions\/11879"}],"up":[{"embeddable":true,"href":"https:\/\/www.nkartravelhouse.com\/fr\/wp-json\/wp\/v2\/pages\/3076"}],"wp:attachment":[{"href":"https:\/\/www.nkartravelhouse.com\/fr\/wp-json\/wp\/v2\/media?parent=3080"}],"curies":[{"name":"wp","href":"https:\/\/api.w.org\/{rel}","templated":true}]}}