{"id":3086,"date":"2018-12-26T14:32:27","date_gmt":"2018-12-26T09:02:27","guid":{"rendered":"http:\/\/www.nkartravelhouse.com\/fr\/?page_id=3086"},"modified":"2023-06-12T11:46:12","modified_gmt":"2023-06-12T06:16:12","slug":"beaches-of-sri-lanka","status":"publish","type":"page","link":"https:\/\/www.nkartravelhouse.com\/fr\/about-sri-lanka\/destinations\/beaches-of-sri-lanka.html","title":{"rendered":"Plages Du Sri Lanka"},"content":{"rendered":"<p>Le soleil, le sable et la plage\u2026<\/p>\n<p>Ah, la plage. Rien de plus familier au Sri Lanka que le soleil, le sable et la plage. Le Sri Lanka vous offre une  mer bleue claire \u00e0 Pasikudah situ\u00e9 sur la c\u00f4te est,  ou des  plages plus facilement accessibles \u00e0 Colombo. De belles plages  vous attendent aussi \u00e0 Unawatuna et Hikkaduwa pour faire l\u2019exp\u00e9rience de la mer, du surf mais aussi d\u00e9couvrir la vie des Sri Lankais ! Des vacances agr\u00e9ables  en profitant de lieux magnifiques, de paysages superbes en profitant des plaisirs de la mer.<\/p>\n","protected":false},"excerpt":{"rendered":"<p>Le soleil, le sable et la plage\u2026 Ah, la plage. Rien de plus familier au Sri Lanka que le soleil, le sable et la plage. Le Sri Lanka vous offre une mer bleue claire \u00e0 Pasikudah situ\u00e9 sur la c\u00f4te est, ou des plages plus facilement accessibles \u00e0 Colombo. De belles plages vous attendent aussi [&hellip;]<\/p>\n","protected":false},"author":1,"featured_media":0,"parent":3076,"menu_order":3,"comment_status":"closed","ping_status":"closed","template":"","meta":{"footnotes":""},"acf":[],"_links":{"self":[{"href":"https:\/\/www.nkartravelhouse.com\/fr\/wp-json\/wp\/v2\/pages\/3086"}],"collection":[{"href":"https:\/\/www.nkartravelhouse.com\/fr\/wp-json\/wp\/v2\/pages"}],"about":[{"href":"https:\/\/www.nkartravelhouse.com\/fr\/wp-json\/wp\/v2\/types\/page"}],"author":[{"embeddable":true,"href":"https:\/\/www.nkartravelhouse.com\/fr\/wp-json\/wp\/v2\/users\/1"}],"replies":[{"embeddable":true,"href":"https:\/\/www.nkartravelhouse.com\/fr\/wp-json\/wp\/v2\/comments?post=3086"}],"version-history":[{"count":2,"href":"https:\/\/www.nkartravelhouse.com\/fr\/wp-json\/wp\/v2\/pages\/3086\/revisions"}],"predecessor-version":[{"id":11888,"href":"https:\/\/www.nkartravelhouse.com\/fr\/wp-json\/wp\/v2\/pages\/3086\/revisions\/11888"}],"up":[{"embeddable":true,"href":"https:\/\/www.nkartravelhouse.com\/fr\/wp-json\/wp\/v2\/pages\/3076"}],"wp:attachment":[{"href":"https:\/\/www.nkartravelhouse.com\/fr\/wp-json\/wp\/v2\/media?parent=3086"}],"curies":[{"name":"wp","href":"https:\/\/api.w.org\/{rel}","templated":true}]}}