{"id":3115,"date":"2018-12-26T14:44:22","date_gmt":"2018-12-26T09:14:22","guid":{"rendered":"http:\/\/www.nkartravelhouse.com\/fr\/?page_id=3115"},"modified":"2023-06-30T15:57:59","modified_gmt":"2023-06-30T10:27:59","slug":"travel-to-polonnaruwa-sri-lanka","status":"publish","type":"page","link":"https:\/\/www.nkartravelhouse.com\/fr\/excursions\/travel-to-polonnaruwa-sri-lanka.html","title":{"rendered":"Visitez la capitale m\u00e9di\u00e9vale de Polonnaruwa"},"content":{"rendered":"<p>L\u2019excursion est pr\u00e9vue avec un s\u00e9jour d\u2019une nuit \u00e0 Polonnaruwa.<\/p>\n<p>Nous vous proposons de partir entre 05h00 et 05h30 le matin afin de vivre l\u2019aube de la journ\u00e9e, en vous rendant dans les villages, il est passionnant de voir les oiseaux affluer et d\u2019observer comment les routes de la ville se transforment progressivement en un terrain plat s\u2019\u00e9tendant sur des kilom\u00e8tres \u00e0 mesure que le climat se r\u00e9chauffe. Il sera certainement fascinant d\u2019observer comment la route tapiss\u00e9e s\u2019\u00e9tend entre des rizi\u00e8res verdoyantes.<\/p>\n<p>Au d\u00e9but du voyage, vous verrez des cultures de noix de coco et pendant que vous vous dirigez vers Polonnaruwa, vous verrez de vastes zones de rizi\u00e8res. C\u2019est vraiment une chose \u00e9tonnante de voir comment la v\u00e9g\u00e9tation change de \u00a0la ligne c\u00f4ti\u00e8re \u00e0 la zone s\u00e8che. Apr\u00e8s que votre voyage s\u2019approfondit dans la partie nord de l\u2019\u00eele, vous pourrez observer des oiseaux exotiques, des moniteurs, des l\u00e9zards, des buffles gris et des singes trop amicaux.<\/p>\n<p>Arriv\u00e9e \u00e0 Polonnaruwa, vous venez d\u2019entrer dans une mine d\u2019extravagance culturelle et religieuse. Estampillage d\u2019une \u00e9poque remarquable du 11\u00e8me si\u00e8cle jusqu\u2019en 1310 de notre \u00e8re. Polonnaruwa, repr\u00e9sente l\u2019une des \u00e9tapes les plus importantes de l\u2019histoire du Sri Lanka. Promenez-vous dans ce site class\u00e9 au patrimoine mondial de l\u2019UNESCO \u2013 un royaume des plus grands rois qui ont r\u00e9gn\u00e9 sur l\u2019\u00eele \u2013 et observez comment des statues de Bouddha sculpt\u00e9es dans la pierre ainsi que des monuments anciens, architecturaux et historiques qui ajoutent de la valeur \u00e0 Polonnaruwa.<\/p>\n<p><em>Facultatif \u2013 Excursion \u00e0 v\u00e9lo, Nous recommandons cela parce que la capitale m\u00e9di\u00e9vale est une ville antique s\u00e9par\u00e9e et d\u00e9limit\u00e9e sans mouvement de la circulation publique.<\/em><\/p>\n<p>Ensuite, dirigez-vous vers la maison d\u2019un village \u00e0 proximit\u00e9 o\u00f9 vous aurez l\u2019occasion de vous fondre dans la famille locale et de pr\u00e9parer la nourriture ensemble. Ce sera une exp\u00e9rience culinaire interactive pour les invit\u00e9s. \u00a0Vous partagerez les secrets du cuisiner des d\u00e9licieux plats de la gastronomie sri lankaise.\u00a0 \u00a0Apr\u00e8s la pr\u00e9paration conjointe de la nourriture, vous pourrez d\u00e9guster le d\u00e9jeuner typique du riz et du curry sri-lankais avec la famille locale. Bien s\u00fbr, ce sera une autre exp\u00e9rience inoubliable pour tous les invit\u00e9s.<\/p>\n<p><strong><em>Nuit dans un h\u00f4tel\u00a0 03* <\/em><\/strong><\/p>\n<p>Retour apr\u00e8s le petit d\u00e9jeuner<\/p>\n<table>\n<tbody>\n<tr>\n<td width=\"312\"><strong><u>Lieu de prise en charge <\/u><\/strong><\/td>\n<td width=\"312\"><strong><u>Heures de ramassage<\/u><\/strong><\/td>\n<\/tr>\n<tr>\n<td width=\"312\">Koggala et Ahangama<\/td>\n<td width=\"312\">05.00 A.M<\/td>\n<\/tr>\n<tr>\n<td width=\"312\">Hikkaduwa \u2013 Bile<\/td>\n<td width=\"312\">05.10 A.M<\/td>\n<\/tr>\n<tr>\n<td width=\"312\">Wadduwa<\/td>\n<td width=\"312\">05.20 A.M<\/td>\n<\/tr>\n<tr>\n<td width=\"312\">Negombo<\/td>\n<td width=\"312\">05.30 A.M<\/td>\n<\/tr>\n<tr>\n<td width=\"312\">Colombo<\/td>\n<td width=\"312\">05.30 A.M<\/td>\n<\/tr>\n<\/tbody>\n<\/table>\n<p>&nbsp;<\/p>\n<p><strong><em>Suppl\u00e9ment pour h\u00f4tel 04* \/ 05*.<\/em><\/strong><\/p>\n","protected":false},"excerpt":{"rendered":"<p>L\u2019excursion est pr\u00e9vue avec un s\u00e9jour d\u2019une nuit \u00e0 Polonnaruwa. Nous vous proposons de partir entre 05h00 et 05h30 le matin afin de vivre l\u2019aube de la journ\u00e9e, en vous rendant dans les villages, il est passionnant de voir les oiseaux affluer et d\u2019observer comment les routes de la ville se transforment progressivement en un [&hellip;]<\/p>\n","protected":false},"author":1,"featured_media":0,"parent":3090,"menu_order":18,"comment_status":"closed","ping_status":"closed","template":"","meta":{"footnotes":""},"acf":[],"_links":{"self":[{"href":"https:\/\/www.nkartravelhouse.com\/fr\/wp-json\/wp\/v2\/pages\/3115"}],"collection":[{"href":"https:\/\/www.nkartravelhouse.com\/fr\/wp-json\/wp\/v2\/pages"}],"about":[{"href":"https:\/\/www.nkartravelhouse.com\/fr\/wp-json\/wp\/v2\/types\/page"}],"author":[{"embeddable":true,"href":"https:\/\/www.nkartravelhouse.com\/fr\/wp-json\/wp\/v2\/users\/1"}],"replies":[{"embeddable":true,"href":"https:\/\/www.nkartravelhouse.com\/fr\/wp-json\/wp\/v2\/comments?post=3115"}],"version-history":[{"count":3,"href":"https:\/\/www.nkartravelhouse.com\/fr\/wp-json\/wp\/v2\/pages\/3115\/revisions"}],"predecessor-version":[{"id":11990,"href":"https:\/\/www.nkartravelhouse.com\/fr\/wp-json\/wp\/v2\/pages\/3115\/revisions\/11990"}],"up":[{"embeddable":true,"href":"https:\/\/www.nkartravelhouse.com\/fr\/wp-json\/wp\/v2\/pages\/3090"}],"wp:attachment":[{"href":"https:\/\/www.nkartravelhouse.com\/fr\/wp-json\/wp\/v2\/media?parent=3115"}],"curies":[{"name":"wp","href":"https:\/\/api.w.org\/{rel}","templated":true}]}}