{"id":3123,"date":"2018-12-26T14:45:30","date_gmt":"2018-12-26T09:15:30","guid":{"rendered":"http:\/\/www.nkartravelhouse.com\/fr\/?page_id=3123"},"modified":"2023-06-12T13:01:18","modified_gmt":"2023-06-12T07:31:18","slug":"visit-the-sacred-city-of-anuradhapura","status":"publish","type":"page","link":"https:\/\/www.nkartravelhouse.com\/fr\/excursions\/visit-the-sacred-city-of-anuradhapura.html","title":{"rendered":"Anuradhapura, Une ville qui remonte \u00e0 2500 ans, o\u00f9 vous trouverez le plus ancien arbre document\u00e9 du monde Sri Maha Bodhiya"},"content":{"rendered":"<p>L\u2019excursion est pr\u00e9vue avec un s\u00e9jour d\u2019une nuit \u00e0 Anuradhapura.<\/p>\n<p>Nous vous proposons de partir entre 05h00 et 05h30 le matin afin de vivre l\u2019aube de la journ\u00e9e, en vous rendant dans les villages, il est passionnant de voir les oiseaux affluer et de d\u00e9couvrir comment les routes de la ville se transforment progressivement en un terrain plat s\u2019\u00e9tendant sur des kilom\u00e8tres \u00e0 mesure que le climat se r\u00e9chauffe. Il sera certainement fascinant d\u2019observer comment la route tapiss\u00e9e s\u2019\u00e9tend entre des rizi\u00e8res verdoyantes.<\/p>\n<p>Au d\u00e9but du voyage, vous assisterez \u00e0 des cultures de noix de coco et pendant que vous vous dirigez vers Anuradhapura, vous verrez de vastes zones de rizi\u00e8res. C\u2019est vraiment une chose incroyable de voir comment l\u2019environnement change de \u00a0la ligne c\u00f4ti\u00e8re \u00e0 la zone s\u00e8che \u00e0 travers les \u00a0rizi\u00e8res. Apr\u00e8s que votre voyage s\u2019approfondit dans la partie nord de l\u2019\u00eele, vous pourrez observer des oiseaux exotiques, des varans, des buffles gris et des singes tr\u00e8s amicaux.<\/p>\n<p><strong>Ensuite, vous visiterez la ville historique d\u2019Anuradhapura. <\/strong>\u00a0La ville d\u2019Anuradhapura a \u00e9t\u00e9 la premi\u00e8re capitale du Sri Lanka au 4\u00e8me si\u00e8cle avant JC, et en tant que capitale la plus ancienne, elle poss\u00e8de un patrimoine fantastique dans les temps anciens et modernes et est l\u2019un des huit sites du patrimoine de l\u2019UNESCO au Sri Lanka.<\/p>\n<p>Anuradhapura est une ville m\u00e9di\u00e9vale situ\u00e9e le long d\u2019une rive (Malwathu oya) populaire pour ses ruines antiques fascinantes et sa culture bouddhiste profond\u00e9ment enracin\u00e9e. <strong>Vous visiterez l\u2019ancien arbre Bo &#8211; Jaya Sri Maha Bodhi et d\u2019anciens monast\u00e8res et monuments d\u2019importance historique.<\/strong> Elle reste une ville sainte pieuse centr\u00e9e autour de l\u2019arbre sacr\u00e9 de la Bodhi, que l\u2019on croit \u00eatre cultiv\u00e9 \u00e0 partir d\u2019une bouture tir\u00e9e de l\u2019arbre original de la Bodhi sous lequel le Seigneur Bouddha a obtenu l\u2019illumination. Sri Maha Bodhiya est le plus vieil arbre connu pour avoir \u00e9t\u00e9 plant\u00e9 par un humain plut\u00f4t que par l\u2019ensemencement naturel , c\u2019est un figuier sacr\u00e9 vieux de 2 300 ans ou bo-arbre (Ficus religiosa)<\/p>\n<p>Les ruines d\u2019Anuradhapura sont l\u2019un des sites les plus \u00e9vocateurs d\u2019Asie du Sud. Le complexe tentaculaire contient une riche collection de merveilles arch\u00e9ologiques et architecturales: d\u2019\u00e9normes dagobas (stupas en brique), d\u2019anciennes piscines et des temples en ruine, construits pendant les mille ans de r\u00e8gne d\u2019Anuradhapura sur le Sri Lanka. Aujourd\u2019hui, plusieurs des sites restent utilis\u00e9s comme lieux saints et temples. Isurumuniya, abayagiriya, Ruwanweliseya, Kuttam Pokuna (\u00e9tangs jumeaux), la statue de Samdhi Budhdha, Thuparamaya sont quelques-unes des attractions incontournables d\u2019Anuradhapura.<\/p>\n<p>Une fois que vous avez termin\u00e9 la visite du site, vous pourrez savourer un d\u00e9licieux pique-nique sri-lankais pr\u00e8s du Kaludiya Pokuna (\u00e9tang d\u2019eau noire).<\/p>\n<p>Kaludiya Pokuna est \u00e9galement l\u2019un des c\u00e9l\u00e8bres \u00e9tangs sous l\u2019ancien monast\u00e8re de Mihintale et l\u2019eau aurait \u00e9t\u00e9 utilis\u00e9e par les moines pour r\u00e9pondre aux besoins en eau. La plupart des experts pensent que Kaludiya pokuna pourrait probablement \u00eatre l\u2019ancien Porodini Pokuna (\u00e9tang aux herbes) mentionn\u00e9 dans les tablettes du roi Mahinda IV inscription \u00e0 Minintalaya. Kalu Diya Pokuna est un beau cadeau pour tous ceux qui veulent avoir un bel endroit relaxant pour soulager le stress au travail et la fatigue de la vie actuelle.<\/p>\n<p><strong>Apr\u00e8s le d\u00e9jeuner, vous vous dirigerez vers le temple Mihintalaya sur un sommet de montagne situ\u00e9 \u00e0 l\u2019est d\u2019Anuradhapura. <\/strong>Quelle que soit votre foi, les beaux sanctuaires, stupas, grottes rocheuses rehauss\u00e9es par le cadre \u00e9tonnant, font de Mihintale une destination inoubliable. Le site tentaculaire est enchanteur pour l\u2019environnement, spirituellement \u00e9clairant et culturellement significatif et a \u00e9t\u00e9 profond\u00e9ment aim\u00e9 par les bouddhistes du Sri Lanka. Consid\u00e9r\u00e9 comme le lieu d\u2019inauguration de la pr\u00e9sence du bouddhisme au Sri Lanka, Mihintale est aujourd\u2019hui un lieu de p\u00e8lerinage avec des sanctuaires de Bouddha, des structures abandonn\u00e9es et de nombreuses grottes qui \u00e9taient cens\u00e9es \u00eatre utilis\u00e9es par les moines pour la m\u00e9ditation.<\/p>\n<p>Il y a un ancien h\u00f4pital situ\u00e9 au pied du temple qui enchante tous les visiteurs. Beaucoup pensent que c\u2019est le plus ancien h\u00f4pital du monde.<\/p>\n<p><strong>Nuit \u00e0 Anuradhapura .<\/strong><\/p>\n<p>Apr\u00e8s le petit-d\u00e9jeuner sur le chemin du retour, visitez la statue de Bouddha Rasvehera &#8211; un chef-d\u2019\u0153uvre d\u2019une statue de Bouddha massive debout, o\u00f9 vous apprendrez l\u2019histoire derri\u00e8re sa cr\u00e9ation. La statue sculpt\u00e9e dans la pierre est une statue colossale de Bouddha situ\u00e9e pr\u00e8s de la c\u00e9l\u00e8bre statue d\u2019Awkana, mais pas aussi connue et s\u2019appelle Rasvehera. Mais la belle histoire historique derri\u00e8re ces chefs-d\u2019\u0153uvre augmente la valeur de ces attractions. Il est enregistr\u00e9 \u00e0 39 pieds de hauteur et repr\u00e9sente Abhaya Mudra avec la robe accroch\u00e9e au corps, comme la statue d\u2019Awukana.<\/p>\n<p>Il existe une l\u00e9gende c\u00e9l\u00e8bre, selon laquelle les deux statues sont le r\u00e9sultat d\u2019un concours de guru-gola, \u00ab\u00a0guru\u00a0\u00bb signifiant \u00ab\u00a0professeur, ma\u00eetre\u00a0\u00bb et \u00ab\u00a0gola\u00a0\u00bb est \u00ab\u00a0\u00e9l\u00e8ve\u00a0\u00bb. Cette histoire explique pourquoi la statue d\u2019Aukana est perfectionn\u00e9e, alors que la statue similaire de Sasseruwa est presque finalis\u00e9e mais pas compl\u00e8tement. Ainsi, l\u2019histoire dit: Le Guru a construit la statue raswehara \/ Sessaruwa, tandis que son Gola a fait la statue \u00e0 Awukana. Ils avaient convenu que le premier \u00e0 terminer sa statue devait le notifier \u00e0 l\u2019autre en faisant sonner une cloche .C\u2019est \u00e0 vous de d\u00e9couvrir cette histoire sur place avec votre guide.<\/p>\n<table>\n<tbody>\n<tr>\n<td width=\"312\"><strong><u>Lieu de prise en charge <\/u><\/strong><\/td>\n<td width=\"312\"><strong><u>Heures de ramassage<\/u><\/strong><\/td>\n<\/tr>\n<tr>\n<td width=\"312\">Koggala et Ahangama<\/td>\n<td width=\"312\">05.00 A.M<\/td>\n<\/tr>\n<tr>\n<td width=\"312\">Hikkaduwa \u2013 Bile<\/td>\n<td width=\"312\">05.10 A.M<\/td>\n<\/tr>\n<tr>\n<td width=\"312\">Wadduwa<\/td>\n<td width=\"312\">05.20 A.M<\/td>\n<\/tr>\n<tr>\n<td width=\"312\">Negombo<\/td>\n<td width=\"312\">05.30 A.M<\/td>\n<\/tr>\n<tr>\n<td width=\"312\">Colombo<\/td>\n<td width=\"312\">05.30 A.M<\/td>\n<\/tr>\n<\/tbody>\n<\/table>\n<p><strong><em>Suppl\u00e9ment pour h\u00f4tel 04* \/ 05* <\/em><\/strong><\/p>\n<p><strong><em>Suppl\u00e9ment &#8211; Surclassement Forest Rock Garden Hotel (exp\u00e9rience v\u00e9g\u00e9tarienne), situ\u00e9 dans la nature,\u00a0 sur des rochers, reli\u00e9 d\u2019un salon \u00e0 l\u2019autre. Si vous avez de la chance, regarder les \u00e9l\u00e9phants qui traversent sous les rochers.<\/em><\/strong><\/p>\n","protected":false},"excerpt":{"rendered":"<p>L\u2019excursion est pr\u00e9vue avec un s\u00e9jour d\u2019une nuit \u00e0 Anuradhapura. Nous vous proposons de partir entre 05h00 et 05h30 le matin afin de vivre l\u2019aube de la journ\u00e9e, en vous rendant dans les villages, il est passionnant de voir les oiseaux affluer et de d\u00e9couvrir comment les routes de la ville se transforment progressivement en [&hellip;]<\/p>\n","protected":false},"author":1,"featured_media":0,"parent":3090,"menu_order":21,"comment_status":"closed","ping_status":"closed","template":"","meta":{"footnotes":""},"acf":[],"_links":{"self":[{"href":"https:\/\/www.nkartravelhouse.com\/fr\/wp-json\/wp\/v2\/pages\/3123"}],"collection":[{"href":"https:\/\/www.nkartravelhouse.com\/fr\/wp-json\/wp\/v2\/pages"}],"about":[{"href":"https:\/\/www.nkartravelhouse.com\/fr\/wp-json\/wp\/v2\/types\/page"}],"author":[{"embeddable":true,"href":"https:\/\/www.nkartravelhouse.com\/fr\/wp-json\/wp\/v2\/users\/1"}],"replies":[{"embeddable":true,"href":"https:\/\/www.nkartravelhouse.com\/fr\/wp-json\/wp\/v2\/comments?post=3123"}],"version-history":[{"count":2,"href":"https:\/\/www.nkartravelhouse.com\/fr\/wp-json\/wp\/v2\/pages\/3123\/revisions"}],"predecessor-version":[{"id":11933,"href":"https:\/\/www.nkartravelhouse.com\/fr\/wp-json\/wp\/v2\/pages\/3123\/revisions\/11933"}],"up":[{"embeddable":true,"href":"https:\/\/www.nkartravelhouse.com\/fr\/wp-json\/wp\/v2\/pages\/3090"}],"wp:attachment":[{"href":"https:\/\/www.nkartravelhouse.com\/fr\/wp-json\/wp\/v2\/media?parent=3123"}],"curies":[{"name":"wp","href":"https:\/\/api.w.org\/{rel}","templated":true}]}}