{"id":3149,"date":"2018-12-26T15:10:26","date_gmt":"2018-12-26T09:40:26","guid":{"rendered":"http:\/\/www.nkartravelhouse.com\/fr\/?page_id=3149"},"modified":"2023-06-30T15:46:46","modified_gmt":"2023-06-30T10:16:46","slug":"ayurveda","status":"publish","type":"page","link":"https:\/\/www.nkartravelhouse.com\/fr\/accommodation\/ayurveda.html","title":{"rendered":"Ayurveda"},"content":{"rendered":"<p>Si votre voyage est bas\u00e9 sur la tranquillit\u00e9 d\u2019esprit et la gu\u00e9rison interne, les h\u00f4tels Ayurveda au Sri Lanka offre une exp\u00e9rience id\u00e9ale. Il est temps de passer des vacances relaxantes et rajeunissantes sous les tropiques.<\/p>\n","protected":false},"excerpt":{"rendered":"<p>Si votre voyage est bas\u00e9 sur la tranquillit\u00e9 d\u2019esprit et la gu\u00e9rison interne, les h\u00f4tels Ayurveda au Sri Lanka offre une exp\u00e9rience id\u00e9ale. Il est temps de passer des vacances relaxantes et rajeunissantes sous les tropiques.<\/p>\n","protected":false},"author":1,"featured_media":0,"parent":3145,"menu_order":0,"comment_status":"closed","ping_status":"closed","template":"","meta":{"footnotes":""},"acf":[],"_links":{"self":[{"href":"https:\/\/www.nkartravelhouse.com\/fr\/wp-json\/wp\/v2\/pages\/3149"}],"collection":[{"href":"https:\/\/www.nkartravelhouse.com\/fr\/wp-json\/wp\/v2\/pages"}],"about":[{"href":"https:\/\/www.nkartravelhouse.com\/fr\/wp-json\/wp\/v2\/types\/page"}],"author":[{"embeddable":true,"href":"https:\/\/www.nkartravelhouse.com\/fr\/wp-json\/wp\/v2\/users\/1"}],"replies":[{"embeddable":true,"href":"https:\/\/www.nkartravelhouse.com\/fr\/wp-json\/wp\/v2\/comments?post=3149"}],"version-history":[{"count":2,"href":"https:\/\/www.nkartravelhouse.com\/fr\/wp-json\/wp\/v2\/pages\/3149\/revisions"}],"predecessor-version":[{"id":11954,"href":"https:\/\/www.nkartravelhouse.com\/fr\/wp-json\/wp\/v2\/pages\/3149\/revisions\/11954"}],"up":[{"embeddable":true,"href":"https:\/\/www.nkartravelhouse.com\/fr\/wp-json\/wp\/v2\/pages\/3145"}],"wp:attachment":[{"href":"https:\/\/www.nkartravelhouse.com\/fr\/wp-json\/wp\/v2\/media?parent=3149"}],"curies":[{"name":"wp","href":"https:\/\/api.w.org\/{rel}","templated":true}]}}