{"id":3151,"date":"2018-12-26T15:11:11","date_gmt":"2018-12-26T09:41:11","guid":{"rendered":"http:\/\/www.nkartravelhouse.com\/fr\/?page_id=3151"},"modified":"2023-06-30T15:47:04","modified_gmt":"2023-06-30T10:17:04","slug":"boutique","status":"publish","type":"page","link":"https:\/\/www.nkartravelhouse.com\/fr\/accommodation\/boutique.html","title":{"rendered":"Boutique"},"content":{"rendered":"<p>S\u00e9journez dans l\u2019isolement paisible et le luxe absolu dans les h\u00f4tels de charme tres pris\u00e9 au Sri Lanka. Venez vous d\u00e9tendre dans les propri\u00e9t\u00e9s de caract\u00e8re lors de votre s\u00e9jour sur cette belle \u00eele !<\/p>\n","protected":false},"excerpt":{"rendered":"<p>S\u00e9journez dans l\u2019isolement paisible et le luxe absolu dans les h\u00f4tels de charme tres pris\u00e9 au Sri Lanka. Venez vous d\u00e9tendre dans les propri\u00e9t\u00e9s de caract\u00e8re lors de votre s\u00e9jour sur cette belle \u00eele !<\/p>\n","protected":false},"author":1,"featured_media":0,"parent":3145,"menu_order":2,"comment_status":"closed","ping_status":"closed","template":"","meta":{"footnotes":""},"acf":[],"_links":{"self":[{"href":"https:\/\/www.nkartravelhouse.com\/fr\/wp-json\/wp\/v2\/pages\/3151"}],"collection":[{"href":"https:\/\/www.nkartravelhouse.com\/fr\/wp-json\/wp\/v2\/pages"}],"about":[{"href":"https:\/\/www.nkartravelhouse.com\/fr\/wp-json\/wp\/v2\/types\/page"}],"author":[{"embeddable":true,"href":"https:\/\/www.nkartravelhouse.com\/fr\/wp-json\/wp\/v2\/users\/1"}],"replies":[{"embeddable":true,"href":"https:\/\/www.nkartravelhouse.com\/fr\/wp-json\/wp\/v2\/comments?post=3151"}],"version-history":[{"count":3,"href":"https:\/\/www.nkartravelhouse.com\/fr\/wp-json\/wp\/v2\/pages\/3151\/revisions"}],"predecessor-version":[{"id":11960,"href":"https:\/\/www.nkartravelhouse.com\/fr\/wp-json\/wp\/v2\/pages\/3151\/revisions\/11960"}],"up":[{"embeddable":true,"href":"https:\/\/www.nkartravelhouse.com\/fr\/wp-json\/wp\/v2\/pages\/3145"}],"wp:attachment":[{"href":"https:\/\/www.nkartravelhouse.com\/fr\/wp-json\/wp\/v2\/media?parent=3151"}],"curies":[{"name":"wp","href":"https:\/\/api.w.org\/{rel}","templated":true}]}}