{"id":3161,"date":"2018-12-26T15:16:09","date_gmt":"2018-12-26T09:46:09","guid":{"rendered":"http:\/\/www.nkartravelhouse.com\/fr\/?page_id=3161"},"modified":"2023-06-30T16:45:04","modified_gmt":"2023-06-30T11:15:04","slug":"tailormade-tours","status":"publish","type":"page","link":"https:\/\/www.nkartravelhouse.com\/fr\/tailormade-tours.html","title":{"rendered":"Tours sur mesure"},"content":{"rendered":"<p>Pr\u00e9f\u00e9rez-vous visiter un seul domaine particulier ou quelques endroits int\u00e9ressants au Sri Lanka? Ou souhaitez-vous explorer l\u2019\u00eele plus en profondeur du nord au sud? Le choix est le v\u00f4tre, NKAR Travels veillera \u00e0 ce que votre exp\u00e9rience soit  m\u00e9morable avec l\u2019option de visites sur mesure au Sri Lanka.<\/p>\n","protected":false},"excerpt":{"rendered":"<p>Pr\u00e9f\u00e9rez-vous visiter un seul domaine particulier ou quelques endroits int\u00e9ressants au Sri Lanka? Ou souhaitez-vous explorer l\u2019\u00eele plus en profondeur du nord au sud? Le choix est le v\u00f4tre, NKAR Travels veillera \u00e0 ce que votre exp\u00e9rience soit m\u00e9morable avec l\u2019option de visites sur mesure au Sri Lanka.<\/p>\n","protected":false},"author":1,"featured_media":0,"parent":0,"menu_order":11,"comment_status":"closed","ping_status":"closed","template":"","meta":{"footnotes":""},"acf":[],"_links":{"self":[{"href":"https:\/\/www.nkartravelhouse.com\/fr\/wp-json\/wp\/v2\/pages\/3161"}],"collection":[{"href":"https:\/\/www.nkartravelhouse.com\/fr\/wp-json\/wp\/v2\/pages"}],"about":[{"href":"https:\/\/www.nkartravelhouse.com\/fr\/wp-json\/wp\/v2\/types\/page"}],"author":[{"embeddable":true,"href":"https:\/\/www.nkartravelhouse.com\/fr\/wp-json\/wp\/v2\/users\/1"}],"replies":[{"embeddable":true,"href":"https:\/\/www.nkartravelhouse.com\/fr\/wp-json\/wp\/v2\/comments?post=3161"}],"version-history":[{"count":3,"href":"https:\/\/www.nkartravelhouse.com\/fr\/wp-json\/wp\/v2\/pages\/3161\/revisions"}],"predecessor-version":[{"id":12026,"href":"https:\/\/www.nkartravelhouse.com\/fr\/wp-json\/wp\/v2\/pages\/3161\/revisions\/12026"}],"wp:attachment":[{"href":"https:\/\/www.nkartravelhouse.com\/fr\/wp-json\/wp\/v2\/media?parent=3161"}],"curies":[{"name":"wp","href":"https:\/\/api.w.org\/{rel}","templated":true}]}}