{"id":3171,"date":"2018-12-26T15:25:04","date_gmt":"2018-12-26T09:55:04","guid":{"rendered":"http:\/\/www.nkartravelhouse.com\/fr\/?page_id=3171"},"modified":"2023-06-09T14:25:00","modified_gmt":"2023-06-09T08:55:00","slug":"contact","status":"publish","type":"page","link":"https:\/\/www.nkartravelhouse.com\/fr\/contact.html","title":{"rendered":"Contactez-nous"},"content":{"rendered":"<p>NKAR Travels &#038; Tours (Pvt )  Ltd est heureux de vous inviter \u00e0 des vacances inoubliables sur la belle \u00eele du Sri Lanka, l\u2019un des pays les plus anciens et captivants dans le monde. Si vous \u00eates un voyageur passionn\u00e9 avec une passion pour les cultures uniques, des paysages \u00e0 couper le souffle et des plages bord\u00e9es de palmiers, vous \u00eates s\u00fbr de choisir le SRI LANKA pour vos  prochaines vacances.<br \/>\nFacile de nous faire confiance, car l\u2019entreprise fonctionne efficacement depuis 1980 et un voyagiste national prim\u00e9.<\/p>\n","protected":false},"excerpt":{"rendered":"<p>NKAR Travels &#038; Tours (Pvt ) Ltd est heureux de vous inviter \u00e0 des vacances inoubliables sur la belle \u00eele du Sri Lanka, l\u2019un des pays les plus anciens et captivants dans le monde. Si vous \u00eates un voyageur passionn\u00e9 avec une passion pour les cultures uniques, des paysages \u00e0 couper le souffle et des [&hellip;]<\/p>\n","protected":false},"author":1,"featured_media":0,"parent":0,"menu_order":14,"comment_status":"closed","ping_status":"closed","template":"","meta":{"footnotes":""},"acf":[],"_links":{"self":[{"href":"https:\/\/www.nkartravelhouse.com\/fr\/wp-json\/wp\/v2\/pages\/3171"}],"collection":[{"href":"https:\/\/www.nkartravelhouse.com\/fr\/wp-json\/wp\/v2\/pages"}],"about":[{"href":"https:\/\/www.nkartravelhouse.com\/fr\/wp-json\/wp\/v2\/types\/page"}],"author":[{"embeddable":true,"href":"https:\/\/www.nkartravelhouse.com\/fr\/wp-json\/wp\/v2\/users\/1"}],"replies":[{"embeddable":true,"href":"https:\/\/www.nkartravelhouse.com\/fr\/wp-json\/wp\/v2\/comments?post=3171"}],"version-history":[{"count":4,"href":"https:\/\/www.nkartravelhouse.com\/fr\/wp-json\/wp\/v2\/pages\/3171\/revisions"}],"predecessor-version":[{"id":11855,"href":"https:\/\/www.nkartravelhouse.com\/fr\/wp-json\/wp\/v2\/pages\/3171\/revisions\/11855"}],"wp:attachment":[{"href":"https:\/\/www.nkartravelhouse.com\/fr\/wp-json\/wp\/v2\/media?parent=3171"}],"curies":[{"name":"wp","href":"https:\/\/api.w.org\/{rel}","templated":true}]}}