{"id":3175,"date":"2018-12-26T15:30:15","date_gmt":"2018-12-26T10:00:15","guid":{"rendered":"http:\/\/www.nkartravelhouse.com\/fr\/?page_id=3175"},"modified":"2023-05-19T11:12:17","modified_gmt":"2023-05-19T05:42:17","slug":"privacy-policy","status":"publish","type":"page","link":"https:\/\/www.nkartravelhouse.com\/fr\/privacy-policy.html","title":{"rendered":"Politique Priv\u00e9e"},"content":{"rendered":"<p><strong>\u00c0 propos de NKAR Travel House<\/strong><\/p>\n<p>Partir en vacances est un moment passionnant, que ce soit pour une escapade romantique, une nouvelle aventure palpitante ou des  vacances en famille. NKAR travel &#038; tours  ont une s\u00e9lection globale de forfaits touristiques au Sri Lanka dans des endroits fantastiques \u00e0 travers la perle de l\u2019oc\u00e9an Indien. Il s\u2019agit notamment d\u2019h\u00f4tels de luxe et de spas, de visites et d\u2019autres excursions passionnantes toutes produites pour donner des vacances incroyables que vous n\u2019oublierez jamais.<\/p>\n<p>D\u00e9tendez-vous dans les plus beaux h\u00f4tels du Sri Lanka, et les stations baln\u00e9aires dans un environnement \u00e0 couper le souffle. N\u2019importe quel voyageur sera satisfait de nos programmes d\u00e9taill\u00e9s pr\u00e9vus \u00e0 la perfection. Nous poss\u00e9dons les ressources et l\u2019exp\u00e9rience id\u00e9ales pour vous assurer, vous et vos familles, de passer des vacances inoubliables au Sri Lanka.<\/p>\n<p><strong>Politique<\/strong><\/p>\n<p>Avec cette politique, nous faisons de notre mieux pour expliquer les d\u00e9tails que nous recueillons, et comment nous recueillons ainsi que la fa\u00e7on dont il sera utilis\u00e9. Cette page de strat\u00e9gie sera mise \u00e0 jour fr\u00e9quemment pour s\u2019assurer que les d\u00e9tails sont mis \u00e0 jour.<\/p>\n<p><strong>Donn\u00e9es personnelles<\/strong><\/p>\n<p>Depuis le 25 mai 2018, dans l\u2019Union europ\u00e9enne, le traitement des donn\u00e9es \u00e0 caract\u00e8re personnel est r\u00e9gi par le R\u00e8glement g\u00e9n\u00e9ral sur la protection des donn\u00e9es (RGDP). Chez NKAR Travels &#038; Tours (Pvt) Ltd, nous nous effor\u00e7ons de prot\u00e9ger les donn\u00e9es personnelles de chacun de mani\u00e8re s\u00e9curis\u00e9e.<\/p>\n<p><strong>O\u00f9 nous recueillons des donn\u00e9es<\/strong><\/p>\n<p>Nous recueillons vos donn\u00e9es (adresse e-mail, num\u00e9ro de t\u00e9l\u00e9phone, etc.)<\/p>\n<ul>\n<li>Lorsque vous  remplissez notre formulaire de site Web <\/li>\n<li>Lorsque vous nous  envoyez un courriel <\/li>\n<li>Quand vous nous  appelez <\/li>\n<li>Lorsque vous  communiquez via les m\u00e9dias sociaux <\/li>\n<\/ul>\n<p>Toutes ces donn\u00e9es captur\u00e9es et stock\u00e9es en toute s\u00e9curit\u00e9 dans nos bases de donn\u00e9es internes. Parfois, nous utilisons notre syst\u00e8me de marketing par courriel (MailChimp) [https:\/\/mailchimp.com\/about\/] pour envoyer des informations et des promotions. Toutefois, vous pouvez vous d\u00e9sabonner de cette liste \u00e0 tout moment si vous souhaitez ne pas recevoir de d\u00e9pliants promotionnels. S\u2019il vous pla\u00eet assurez-vous de cocher une case \u00e0 cocher affiche dans notre site Web lorsque vous vous inscrivez ou l\u2019envoi d\u2019une demande qui confirme votre accord pour recevoir d\u2019autres communications de notre part.<\/p>\n<p><strong>Les donn\u00e9es que nous recueillons<\/strong><\/p>\n<p>Toutes les donn\u00e9es personnelles (nom, adresse e-mail, num\u00e9ro de contact, pays) seront stock\u00e9es au cours de l\u2019une des interactions susmentionn\u00e9es, et en dehors de cela, nous pourrions avoir besoin de recueillir votre adresse, date de naissance, d\u00e9tails de passeport et les conditions de sant\u00e9 afin que nous puissions concevoir notre service en fonction des informations que nous avons.<\/p>\n<p>Les informations recueillies sur les noms de domaine sont pour aider la direction \u00e0 am\u00e9liorer l\u2019efficacit\u00e9 et la qualit\u00e9 du site. Il n\u2019est certainement pas destin\u00e9 \u00e0 vous identifier en personne, mais en g\u00e9n\u00e9ral, il est destin\u00e9 \u00e0 nous de conna\u00eetre le nombre de visites et le temps moyen pass\u00e9, le nombre de pages vues, etc par nos clients potentiels. Ces informations sont recueillies pour \u00e9valuer l\u2019utilisation de notre site par lequel nous pouvons prendre la d\u00e9cision d\u2019am\u00e9liorer ou de modifier le contenu du site.<\/p>\n<p>Nous ferons de notre mieux pour prot\u00e9ger votre compte contre la fraude.<\/p>\n<p><strong>Nous utilisons les donn\u00e9es pour<\/strong><\/p>\n<ul>\n<li>Vous envoyer les  informations demand\u00e9es <\/li>\n<li>Vous envoyer un  devis <\/li>\n<li>R\u00e9servation de  votre tour \/ Billet d&rsquo;avion <\/li>\n<li>Vous informer de  toute modification ou modification <\/li>\n<li>Demandez des  commentaires sur nos services <\/li>\n<li>Discuter des modalit\u00e9s  de voyage <\/li>\n<li>Vous envoyer des  e-marketing ou des informations pertinentes <\/li>\n<li>Vous informer de  tout changement ou modification de votre r\u00e9servation <\/li>\n<li>Vous informer des  urgences <\/li>\n<li>Vous tenir au  courant des nouveaux produits et services <\/li>\n<\/ul>\n<p><strong>Contenu et images<\/strong><\/p>\n<p>Nous n\u2019utiliserons pas vos images ou contenus \u00e0 des fins de marketing sans votre permission. Nous pouvons vous demander si nous pouvons utiliser vos images (avec votre nom ou sans votre nom) sur notre site Web \/ M\u00e9dias sociaux.<\/p>\n<p><strong>Acc\u00e8s \u00e0 vos donn\u00e9es<\/strong><\/p>\n<p>Votre rendez-vous n\u2019est qu\u2019avec nous. Nous ne vendrons, ne louerons pas ou ne partagerons pas avec des soci\u00e9t\u00e9s tierces. Les formulaires en ligne que vous soumettez ne sont accessibles que par notre \u00e9quipe. Nous ne transmettons pas les donn\u00e9es ou les informations \u00e0 d\u2019autres sites Web tiers.<\/p>\n<p>Nous sommes li\u00e9s \u00e0 d\u2019autres sites avec de bonnes normes de confidentialit\u00e9 et de politique. Cependant, nous ne sommes pas en mesure d\u2019assumer la responsabilit\u00e9 de la s\u00e9curit\u00e9 g\u00e9n\u00e9rale ou des pratiques d\u2019autres sites.<\/p>\n<p><strong>Cookies<\/strong><\/p>\n<p>Notre site web utilise un nombre tr\u00e8s minime de cookies. Vous pouvez activer\/d\u00e9sactiver les cookies \u00e0 partir de notre site Web \u00e0 tout moment. Nous utilisons ces cookies pour le remarketing et pour v\u00e9rifier nos analyses. Vous pouvez \u00e9galement d\u00e9finir votre navigateur pour vous avertir lorsque vous \u00eates sur un site qui utilise des cookies. Pour plus d\u2019informations sur les cookies, visitez www.aboutcookies.org<br \/>\nEn cas de probl\u00e8mes, contactez-nous<br \/>\nSelon le GDPR, vous pouvez modifier ou demander de supprimer vos donn\u00e9es personnelles de NKAR Travels &#038; Tours (Pvt) Ltd.<br \/>\nPour de tels probl\u00e8mes, veuillez envoyer un courriel marketing@nkartravelhouse.com avec vous incluez votre nom complet, adresse e-mail, adresse compl\u00e8te (y compris le code postal) et les d\u00e9tails de votre demande. Par \u00e9crit: NKAR Travels &#038; Tours (Pvt) Ltd. 45, Ananda Coomaraswamy Mw, Colombo 07, Sri Lanka.<br \/>\nVeuillez noter que notre Politique de confidentialit\u00e9 a \u00e9t\u00e9 r\u00e9dig\u00e9e pour \u00eatre tr\u00e8s simple et claire.<br \/>\nMerci de bien vouloir entrer en contact avec nous  si quelque chose n\u2019est pas clair &#8211; nous nous f\u00e9licitons de vos commentaires.<br \/>\nCette politique a \u00e9t\u00e9 mise \u00e0 jour le 5 juin 2018.<\/p>\n","protected":false},"excerpt":{"rendered":"<p>\u00c0 propos de NKAR Travel House Partir en vacances est un moment passionnant, que ce soit pour une escapade romantique, une nouvelle aventure palpitante ou des vacances en famille. NKAR travel &#038; tours ont une s\u00e9lection globale de forfaits touristiques au Sri Lanka dans des endroits fantastiques \u00e0 travers la perle de l\u2019oc\u00e9an Indien. Il [&hellip;]<\/p>\n","protected":false},"author":1,"featured_media":0,"parent":0,"menu_order":20,"comment_status":"closed","ping_status":"closed","template":"","meta":{"footnotes":""},"acf":[],"_links":{"self":[{"href":"https:\/\/www.nkartravelhouse.com\/fr\/wp-json\/wp\/v2\/pages\/3175"}],"collection":[{"href":"https:\/\/www.nkartravelhouse.com\/fr\/wp-json\/wp\/v2\/pages"}],"about":[{"href":"https:\/\/www.nkartravelhouse.com\/fr\/wp-json\/wp\/v2\/types\/page"}],"author":[{"embeddable":true,"href":"https:\/\/www.nkartravelhouse.com\/fr\/wp-json\/wp\/v2\/users\/1"}],"replies":[{"embeddable":true,"href":"https:\/\/www.nkartravelhouse.com\/fr\/wp-json\/wp\/v2\/comments?post=3175"}],"version-history":[{"count":4,"href":"https:\/\/www.nkartravelhouse.com\/fr\/wp-json\/wp\/v2\/pages\/3175\/revisions"}],"predecessor-version":[{"id":11441,"href":"https:\/\/www.nkartravelhouse.com\/fr\/wp-json\/wp\/v2\/pages\/3175\/revisions\/11441"}],"wp:attachment":[{"href":"https:\/\/www.nkartravelhouse.com\/fr\/wp-json\/wp\/v2\/media?parent=3175"}],"curies":[{"name":"wp","href":"https:\/\/api.w.org\/{rel}","templated":true}]}}