{"id":7206,"date":"2019-08-01T11:09:06","date_gmt":"2019-08-01T05:39:06","guid":{"rendered":"http:\/\/www.nkartravelhouse.com\/fr\/?page_id=7206"},"modified":"2023-06-30T15:54:47","modified_gmt":"2023-06-30T10:24:47","slug":"csr","status":"publish","type":"page","link":"https:\/\/www.nkartravelhouse.com\/fr\/csr.html","title":{"rendered":"RSE"},"content":{"rendered":"<p>NKAR a l\u2019intention de r\u00e9pondre de mani\u00e8re durable \u00e0 ses parties prenantes par le biais de sa strat\u00e9gie de RSE. En cons\u00e9quence, l\u2019objectif de la marque en mati\u00e8re de RSE a l\u2019intention de soutenir activement la durabilit\u00e9 de l\u2019environnement par des mesures r\u00e9alistes tout en d\u00e9veloppant et en soutenant activement les communaut\u00e9s surveill\u00e9es du Sri Lanka dans une mesure o\u00f9 elles pourraient d\u00e9velopper leurs propres moyens de subsistance. L\u2019objectif RSE de NKAR est \u00e0 long terme et a l\u2019intention de d\u00e9velopper des relations durables avec ses communaut\u00e9s ainsi qu\u2019avec l\u2019environnement avec le qui la marque s\u2019engage activement.<\/p>\n<p>Il y a deux principaux b\u00e9n\u00e9ficiaires de la strat\u00e9gie de RSE de NKAR \u2013 l\u2019environnement (\u00e9cosyst\u00e8me) et la communaut\u00e9. Alors que certaines initiatives s\u2019adressent directement au bien-\u00eatre de l\u2019\u00e9cosyst\u00e8me, d\u2019autres s\u2019adressent aux communaut\u00e9s qui sont souvent surveill\u00e9es par une initiative r\u00e9guli\u00e8re de RSE, mais strat\u00e9giquement importantes pour la croissance constante de l\u2019industrie.<\/p>\n<p>&nbsp;<\/p>\n<h4><strong> ACTIVIT\u00c9S DE RSE<\/strong><\/h4>\n<p>&nbsp;<\/p>\n<p><strong>Soutenir les tisserands locaux de Dunagha<\/strong><\/p>\n<p>NKAR a choisi un village isol\u00e9 dans le district de Negombo \u2013 Dunagaha  \u2013 qui est rural, mais r\u00e9put\u00e9 pour ses objets tiss\u00e9s. Nous emmenons nos groupes allemands dans ce village apr\u00e8s leur arriv\u00e9e au Sri Lanka afin de leur offrir une exp\u00e9rience autour du village et de son industrie signature. Ceci est coupl\u00e9 avec des bonbons traditionnels et une tasse de th\u00e9 De Pure Ceylan apr\u00e8s quoi chaque client est dot\u00e9 d\u2019un ch\u00e2le traditionnellement tiss\u00e9 &#8211; pr\u00e9 achet\u00e9 en vrac du m\u00eame village par NKAR &#8211; comme un souvenir pr\u00e9cieux. L\u2019objectif de cette initiative est de soutenir le bien-\u00eatre social des villageois, de d\u00e9velopper la durabilit\u00e9 \u00e9conomique de l\u2019industrie et du village tout en offrant une exp\u00e9rience compl\u00e8tement diff\u00e9rente aux clients de NKAR avant qu\u2019ils ne commencent leur circuit  au Sri Lanka<\/p>\n<p><img loading=\"lazy\" decoding=\"async\" class=\"alignnone size-full wp-image-7263\" src=\"https:\/\/d31t1a4b1z64ez.cloudfront.net\/sites\/9\/2019\/08\/Supporting-Local-Weavers-2.jpg\" alt=\"\" width=\"300\" height=\"200\" \/>\u00a0<img loading=\"lazy\" decoding=\"async\" class=\"alignnone size-full wp-image-7269\" src=\"https:\/\/d31t1a4b1z64ez.cloudfront.net\/sites\/9\/2019\/08\/Supporting-Local-Weavers-3.jpg\" alt=\"\" width=\"300\" height=\"200\" \/>\u00a0<img loading=\"lazy\" decoding=\"async\" class=\"alignnone size-full wp-image-7272\" src=\"https:\/\/d31t1a4b1z64ez.cloudfront.net\/sites\/9\/2019\/08\/Supporting-Local-Weavers.jpg\" alt=\"\" width=\"150\" height=\"200\" \/>\u00a0<img loading=\"lazy\" decoding=\"async\" class=\"alignnone size-full wp-image-7275\" src=\"https:\/\/d31t1a4b1z64ez.cloudfront.net\/sites\/9\/2019\/08\/Supporting-Local-Weavers-1.jpg\" alt=\"\" width=\"150\" height=\"200\" \/><\/p>\n<p><strong>Campagne de sensibilisation \u00e0 la Journ\u00e9e mondiale du tourisme<\/strong><\/p>\n<p>NKAR a lanc\u00e9 une campagne de sensibilisation marquant la Journ\u00e9e mondiale du tourisme 2017 et la marque a impliqu\u00e9 Trishaw Drivers qui \u00e9taient directement en contact avec de nombreux touristes visitant le Sri Lanka. La campagne de sensibilisation comprenait des instructions sur \u00ab pourquoi un touriste devrait \u00eatre prot\u00e9g\u00e9 \u00bb, tandis qu\u2019un manuel d\u2019instructions a \u00e9t\u00e9 distribu\u00e9 parmi les participants adress\u00e9s avec un autocollant de confirmation plac\u00e9 \u00e0 l\u2019arri\u00e8re de chaque v\u00e9hicule comme une assurance \u00e0 un touriste itin\u00e9rant<\/p>\n<p><img loading=\"lazy\" decoding=\"async\" class=\"alignnone size-full wp-image-7281\" src=\"https:\/\/d31t1a4b1z64ez.cloudfront.net\/sites\/9\/2019\/08\/World-Tourism-Day-Awareness-Campaign-1.jpg\" alt=\"\" width=\"300\" height=\"200\" \/>\u00a0<img loading=\"lazy\" decoding=\"async\" class=\"alignnone size-full wp-image-7284\" src=\"https:\/\/d31t1a4b1z64ez.cloudfront.net\/sites\/9\/2019\/08\/World-Tourism-Day-Awareness-Campaign-2.jpg\" alt=\"\" width=\"300\" height=\"200\" \/>\u00a0<img loading=\"lazy\" decoding=\"async\" class=\"alignnone size-full wp-image-7287\" src=\"https:\/\/d31t1a4b1z64ez.cloudfront.net\/sites\/9\/2019\/08\/World-Tourism-Day-Awareness-Campaign.jpg\" alt=\"\" width=\"300\" height=\"200\" \/><\/p>\n<p><strong>\u00c9limination des bouteilles d\u2019eau en plastique des circuits<\/strong><\/p>\n<p>NKAR a pris l\u2019initiative de distribuer 19L bouteilles PET (recyclables) et une pompe manuelle chacune aux autobus de tourisme tandis que les clients sont invit\u00e9s \u00e0 apporter leurs bouteilles d\u2019eau personnelles afin de les remplir dans l\u2019autobus en cons\u00e9quence. L\u2019utilisation de bouteilles plus petites (500ml\/1L) est strictement d\u00e9conseill\u00e9e par les chefs de groupe locaux et les voyagistes \u00e9trangers. En cons\u00e9quence, le gaspillage de plastique pendant les visites de groupe de NKAR est minime \u00e0 inexistant tandis que la marque a activement maintenu des \u00e9l\u00e9ments de la triple ligne de fond par la conservation de l\u2019environnement, le bien-\u00eatre social (sensibilisation au niveau du sol entre les parties prenantes) et la durabilit\u00e9 \u00e9conomique (fortes \u00e9conomies de co\u00fbts pour l\u2019organisation).<\/p>\n<p><img loading=\"lazy\" decoding=\"async\" class=\"alignnone size-full wp-image-7296\" src=\"https:\/\/d31t1a4b1z64ez.cloudfront.net\/sites\/9\/2019\/08\/Eliminating-plastic-water-bottles-1.jpg\" alt=\"\" width=\"150\" height=\"200\" \/><\/p>\n<p><strong>Journ\u00e9e dans la grande ville pour les enfants des zones touristiques<\/strong><\/p>\n<p>NKAR a une initiative pour soutenir les enfants des zones touristiques (souvent des secteurs ruraux) en leur donnant l\u2019occasion de visiter Colombo \u2013 une ville que beaucoup n\u2019ont jamais  visit\u00e9e auparavant. Cela comprend \u00e9galement une visite \u00e0 la plage , chose peu connue de ces enfants ruraux dont les parents sont pour la plupart les fournisseurs de NKAR. L\u2019objectif de cette initiative est d\u2019offrir une occasion unique et m\u00e9morable aux enfants de nos fournisseurs de visiter la capitale commerciale du Sri Lanka dans une escapade gratuite! L\u2019initiative est conclue en ajoutant de la valeur au parcours \u00e9ducatif de ces enfants alors que NKAR offre un dictionnaire cinghalais-anglais \u00e0 chaque enfant envelopp\u00e9 avec l\u2019image de marque NKAR afin que le nom de marque reste graver avec les souvenirs de la visite de Colombo.<\/p>\n<p><strong>29.11.2018<\/strong> &#8211; 38 \u00e9coliers de la 10e \u00e0 la 11e ann\u00e9e de Ginigathhena  Vidyalaya,  Ginigathhena ont \u00e9t\u00e9 s\u00e9lectionn\u00e9s par leur directeur pour participer \u00e0 cette initiative soutenue par 03 enseignants<\/p>\n<p><strong>15.03.2019<\/strong> &#8211; Au total, 52 \u00e9coliers de la 7e \u00e0 la 9e ann\u00e9e de l\u2019\u00e9cole primaire  Katuwattewela, Kuliyapitiya,  ont \u00e9t\u00e9 s\u00e9lectionn\u00e9s par leur directeur pour participer \u00e0 cette initiative soutenue par 04 enseignants.<\/p>\n<p><img loading=\"lazy\" decoding=\"async\" class=\"alignnone size-full wp-image-7302\" src=\"https:\/\/d31t1a4b1z64ez.cloudfront.net\/sites\/9\/2019\/08\/School-3.jpg\" alt=\"\" width=\"300\" height=\"200\" \/>\u00a0<img loading=\"lazy\" decoding=\"async\" class=\"alignnone size-full wp-image-7305\" src=\"https:\/\/d31t1a4b1z64ez.cloudfront.net\/sites\/9\/2019\/08\/School-2.jpg\" alt=\"\" width=\"300\" height=\"200\" \/>\u00a0<img loading=\"lazy\" decoding=\"async\" class=\"alignnone size-full wp-image-7308\" src=\"https:\/\/d31t1a4b1z64ez.cloudfront.net\/sites\/9\/2019\/08\/NKAR-staff-with-school-teacher.jpg\" alt=\"\" width=\"300\" height=\"200\" \/><\/p>\n","protected":false},"excerpt":{"rendered":"<p>NKAR a l\u2019intention de r\u00e9pondre de mani\u00e8re durable \u00e0 ses parties prenantes par le biais de sa strat\u00e9gie de RSE. En cons\u00e9quence, l\u2019objectif de la marque en mati\u00e8re de RSE a l\u2019intention de soutenir activement la durabilit\u00e9 de l\u2019environnement par des mesures r\u00e9alistes tout en d\u00e9veloppant et en soutenant activement les communaut\u00e9s surveill\u00e9es du Sri [&hellip;]<\/p>\n","protected":false},"author":9,"featured_media":0,"parent":0,"menu_order":27,"comment_status":"closed","ping_status":"closed","template":"","meta":{"footnotes":""},"acf":[],"_links":{"self":[{"href":"https:\/\/www.nkartravelhouse.com\/fr\/wp-json\/wp\/v2\/pages\/7206"}],"collection":[{"href":"https:\/\/www.nkartravelhouse.com\/fr\/wp-json\/wp\/v2\/pages"}],"about":[{"href":"https:\/\/www.nkartravelhouse.com\/fr\/wp-json\/wp\/v2\/types\/page"}],"author":[{"embeddable":true,"href":"https:\/\/www.nkartravelhouse.com\/fr\/wp-json\/wp\/v2\/users\/9"}],"replies":[{"embeddable":true,"href":"https:\/\/www.nkartravelhouse.com\/fr\/wp-json\/wp\/v2\/comments?post=7206"}],"version-history":[{"count":3,"href":"https:\/\/www.nkartravelhouse.com\/fr\/wp-json\/wp\/v2\/pages\/7206\/revisions"}],"predecessor-version":[{"id":11975,"href":"https:\/\/www.nkartravelhouse.com\/fr\/wp-json\/wp\/v2\/pages\/7206\/revisions\/11975"}],"wp:attachment":[{"href":"https:\/\/www.nkartravelhouse.com\/fr\/wp-json\/wp\/v2\/media?parent=7206"}],"curies":[{"name":"wp","href":"https:\/\/api.w.org\/{rel}","templated":true}]}}