{"id":7895,"date":"2019-11-07T10:41:28","date_gmt":"2019-11-07T05:11:28","guid":{"rendered":"http:\/\/www.nkartravelhouse.com\/fr\/?page_id=7895"},"modified":"2023-07-04T11:06:14","modified_gmt":"2023-07-04T05:36:14","slug":"classical-tour-06n-07d","status":"publish","type":"page","link":"https:\/\/www.nkartravelhouse.com\/fr\/tours\/classical-tours\/classical-tour-06n-07d.html","title":{"rendered":"Le tour classique"},"content":{"rendered":"<p>Le \u00ab tour classique \u00bb du Sri Lanka est un circuit   int\u00e9ressant rempli de destinations et d\u2019exp\u00e9riences magnifiques, passionnantes et impressionnantes que vous n\u2019avez jamais connues. Ce tour passionnant est un voyage incroyable dans les rues hors des sentiers battus  et comprend l\u2019essence  des attractions de l\u2019\u00eele tropicale \u2013 villes anciennes, temples, ruines, sites culturels, routes panoramiques et faune. Pr\u00e9parez-vous pour un voyage ultime dans une terre d\u2019exp\u00e9riences inoubliables, et visitez un m\u00e9lange fantastique d\u2019histoire, de la culture, des traditions, l\u2019architecture et les paysages \u00e0 chacune de nos destinations choisies. Vous gagnez  une exp\u00e9rience unique en admirant les pics couverts de brume des collines centrales, les vall\u00e9es vierges sillonnant les montagnes verdoyantes, en d\u00e9couvrant les  magnifiques temples et des statues colossales, les mont\u00e9es de rochers pour explorer les grottes, admirez les vues panoramiques spectaculaires, embarquez pour un safari en jeep dans la nature sauvage et bien plus encore. Le Sri Lanka regorge de destinations spectaculaires et d\u2019attractions pittoresques, chacune avec sa propre histoire. Embarquez dans notre tour  soigneusement organis\u00e9 avec des exp\u00e9riences distinctives du d\u00e9but \u00e0 la fin, exclusivement con\u00e7ues pour vous.<\/p>\n","protected":false},"excerpt":{"rendered":"<p>Le \u00ab tour classique \u00bb du Sri Lanka est un circuit int\u00e9ressant rempli de destinations et d\u2019exp\u00e9riences magnifiques, passionnantes et impressionnantes que vous n\u2019avez jamais connues. Ce tour passionnant est un voyage incroyable dans les rues hors des sentiers battus et comprend l\u2019essence des attractions de l\u2019\u00eele tropicale \u2013 villes anciennes, temples, ruines, sites culturels, [&hellip;]<\/p>\n","protected":false},"author":1,"featured_media":0,"parent":7874,"menu_order":1,"comment_status":"closed","ping_status":"closed","template":"","meta":{"footnotes":""},"acf":[],"_links":{"self":[{"href":"https:\/\/www.nkartravelhouse.com\/fr\/wp-json\/wp\/v2\/pages\/7895"}],"collection":[{"href":"https:\/\/www.nkartravelhouse.com\/fr\/wp-json\/wp\/v2\/pages"}],"about":[{"href":"https:\/\/www.nkartravelhouse.com\/fr\/wp-json\/wp\/v2\/types\/page"}],"author":[{"embeddable":true,"href":"https:\/\/www.nkartravelhouse.com\/fr\/wp-json\/wp\/v2\/users\/1"}],"replies":[{"embeddable":true,"href":"https:\/\/www.nkartravelhouse.com\/fr\/wp-json\/wp\/v2\/comments?post=7895"}],"version-history":[{"count":3,"href":"https:\/\/www.nkartravelhouse.com\/fr\/wp-json\/wp\/v2\/pages\/7895\/revisions"}],"predecessor-version":[{"id":12050,"href":"https:\/\/www.nkartravelhouse.com\/fr\/wp-json\/wp\/v2\/pages\/7895\/revisions\/12050"}],"up":[{"embeddable":true,"href":"https:\/\/www.nkartravelhouse.com\/fr\/wp-json\/wp\/v2\/pages\/7874"}],"wp:attachment":[{"href":"https:\/\/www.nkartravelhouse.com\/fr\/wp-json\/wp\/v2\/media?parent=7895"}],"curies":[{"name":"wp","href":"https:\/\/api.w.org\/{rel}","templated":true}]}}