{"id":7952,"date":"2019-11-07T12:25:00","date_gmt":"2019-11-07T06:55:00","guid":{"rendered":"http:\/\/www.nkartravelhouse.com\/fr\/?page_id=7952"},"modified":"2023-07-04T11:10:23","modified_gmt":"2023-07-04T05:40:23","slug":"glimpse-of-sri-lanka-04n-05d","status":"publish","type":"page","link":"https:\/\/www.nkartravelhouse.com\/fr\/tours\/classical-tours\/glimpse-of-sri-lanka-04n-05d.html","title":{"rendered":"Aper\u00e7u Du Sri Lanka \u2013 04 Nuits 05 Jours"},"content":{"rendered":"<p>Vous avez h\u00e2te d\u2019avoir un aper\u00e7u de la belle \u00eele paradisiaque? Si oui, \u00ab aper\u00e7u du Sri lanka \u00bb est le circuit que vous devriez choisir pour d\u00e9couvrir et exp\u00e9rimenter  le charmant, magnifique, pittoresque, impressionnant et enivrant Sri Lanka. Pr\u00e9parez-vous pour le voyage ultime, plonger dans une terre d\u2019exp\u00e9riences inoubliables, tandis que vous \u00eates t\u00e9moin d\u2019un m\u00e9lange d\u2019histoire, de culture, de traditions, de festivals, d\u2019architecture et de paysages \u00e0 chacune de nos destinations choisies. Vous aurez de nombreuses exp\u00e9riences uniques \u00e0 ramener \u00e0 la maison de cette \u00eele, admirer les collines centrales montantes, l\u2019apprentissage de l\u2019histoire des temples magnifiques, les escalades rocheuses aux sites du patrimoine mondial pour explorer les grottes et les fresques, les trekkings pour admirer des vues panoramiques incroyables, les safaris en jeep dans les parcs, \u00e0 suivre les \u00e9v\u00e9nements passionnants de la ville et bien plus encore. Le Sri Lanka est le foyer d\u2019une multitude de destinations spectaculaires et des attractions pittoresques. Embarquez pour notre circuit  soigneusement organis\u00e9 avec des exp\u00e9riences signature du d\u00e9but \u00e0 la fin, exclusivement con\u00e7u avec vous \u00e0 l\u2019esprit.<\/p>\n","protected":false},"excerpt":{"rendered":"<p>Vous avez h\u00e2te d\u2019avoir un aper\u00e7u de la belle \u00eele paradisiaque? Si oui, \u00ab aper\u00e7u du Sri lanka \u00bb est le circuit que vous devriez choisir pour d\u00e9couvrir et exp\u00e9rimenter le charmant, magnifique, pittoresque, impressionnant et enivrant Sri Lanka. Pr\u00e9parez-vous pour le voyage ultime, plonger dans une terre d\u2019exp\u00e9riences inoubliables, tandis que vous \u00eates t\u00e9moin [&hellip;]<\/p>\n","protected":false},"author":1,"featured_media":0,"parent":7874,"menu_order":2,"comment_status":"closed","ping_status":"closed","template":"","meta":{"footnotes":""},"acf":[],"_links":{"self":[{"href":"https:\/\/www.nkartravelhouse.com\/fr\/wp-json\/wp\/v2\/pages\/7952"}],"collection":[{"href":"https:\/\/www.nkartravelhouse.com\/fr\/wp-json\/wp\/v2\/pages"}],"about":[{"href":"https:\/\/www.nkartravelhouse.com\/fr\/wp-json\/wp\/v2\/types\/page"}],"author":[{"embeddable":true,"href":"https:\/\/www.nkartravelhouse.com\/fr\/wp-json\/wp\/v2\/users\/1"}],"replies":[{"embeddable":true,"href":"https:\/\/www.nkartravelhouse.com\/fr\/wp-json\/wp\/v2\/comments?post=7952"}],"version-history":[{"count":3,"href":"https:\/\/www.nkartravelhouse.com\/fr\/wp-json\/wp\/v2\/pages\/7952\/revisions"}],"predecessor-version":[{"id":12053,"href":"https:\/\/www.nkartravelhouse.com\/fr\/wp-json\/wp\/v2\/pages\/7952\/revisions\/12053"}],"up":[{"embeddable":true,"href":"https:\/\/www.nkartravelhouse.com\/fr\/wp-json\/wp\/v2\/pages\/7874"}],"wp:attachment":[{"href":"https:\/\/www.nkartravelhouse.com\/fr\/wp-json\/wp\/v2\/media?parent=7952"}],"curies":[{"name":"wp","href":"https:\/\/api.w.org\/{rel}","templated":true}]}}