{"id":8102,"date":"2019-11-07T15:49:56","date_gmt":"2019-11-07T10:19:56","guid":{"rendered":"http:\/\/www.nkartravelhouse.com\/fr\/?page_id=8102"},"modified":"2023-07-04T11:13:56","modified_gmt":"2023-07-04T05:43:56","slug":"off-the-beaten-track","status":"publish","type":"page","link":"https:\/\/www.nkartravelhouse.com\/fr\/tours\/experiential-tours\/off-the-beaten-track.html","title":{"rendered":"Hors Des Sentiers Battus"},"content":{"rendered":"<p>Le Sri Lanka abrite des d\u00e9lices cach\u00e9s et ce circuit  vous permettra d&#8217;\u00eatre t\u00e9moin et de d\u00e9couvrir avec \u00e9motion la belle \u00eele \u00e0 l&#8217;abri de la foule. Les meilleures attractions du Sri Lanka sont les moins connues et les moins visit\u00e9es, alors suivez un sentier unique sur l&#8217;\u00eele d&#8217;exp\u00e9riences inoubliables via ce circuit exclusif. Vous verrez un fantastique m\u00e9lange d&#8217;histoire, de culture, de traditions, d&#8217;architecture, de faune et de paysages dans chacune de nos destinations choisies. Le &#8220; hors des sentiers battus &#8221; du Sri Lanka est un programme incroyable et passionnant rempli de destinations et d&#8217;exp\u00e9riences magnifiques, passionnantes et impressionnantes que vous n&#8217;auriez jamais connues. Suivez les sentiers les moins fr\u00e9quent\u00e9s avec nous et nous vous montrerons la v\u00e9ritable essence des attractions de l&#8217;\u00eele tropicale &#8211; villes anciennes, temples, ruines, sites culturels, routes panoramiques et faune. Ce sera une exp\u00e9rience unique au Sri Lanka, car vous verrez des paysages \u00e9poustouflants avec une faune et une flore uniques, des temples magnifiques et des statues colossales du pass\u00e9 antique, participez \u00e0 des ascensions de roches pour explorer des grottes, embarquez pour une adr\u00e9naline &#8211; un safari en jeep emball\u00e9 dans la nature et bien plus encore. Le Sri Lanka abrite une multitude de destinations spectaculaires et d&#8217;attractions pittoresques, chacune ayant sa propre histoire. Embarquez pour notre circuit soigneusement organis\u00e9 avec des exp\u00e9riences exclusives du d\u00e9but \u00e0 la fin, con\u00e7ues exclusivement pour vous.<\/p>\n","protected":false},"excerpt":{"rendered":"<p>Le Sri Lanka abrite des d\u00e9lices cach\u00e9s et ce circuit vous permettra d&#8217;\u00eatre t\u00e9moin et de d\u00e9couvrir avec \u00e9motion la belle \u00eele \u00e0 l&#8217;abri de la foule. Les meilleures attractions du Sri Lanka sont les moins connues et les moins visit\u00e9es, alors suivez un sentier unique sur l&#8217;\u00eele d&#8217;exp\u00e9riences inoubliables via ce circuit exclusif. Vous [&hellip;]<\/p>\n","protected":false},"author":1,"featured_media":0,"parent":8075,"menu_order":0,"comment_status":"closed","ping_status":"closed","template":"","meta":{"footnotes":""},"acf":[],"_links":{"self":[{"href":"https:\/\/www.nkartravelhouse.com\/fr\/wp-json\/wp\/v2\/pages\/8102"}],"collection":[{"href":"https:\/\/www.nkartravelhouse.com\/fr\/wp-json\/wp\/v2\/pages"}],"about":[{"href":"https:\/\/www.nkartravelhouse.com\/fr\/wp-json\/wp\/v2\/types\/page"}],"author":[{"embeddable":true,"href":"https:\/\/www.nkartravelhouse.com\/fr\/wp-json\/wp\/v2\/users\/1"}],"replies":[{"embeddable":true,"href":"https:\/\/www.nkartravelhouse.com\/fr\/wp-json\/wp\/v2\/comments?post=8102"}],"version-history":[{"count":4,"href":"https:\/\/www.nkartravelhouse.com\/fr\/wp-json\/wp\/v2\/pages\/8102\/revisions"}],"predecessor-version":[{"id":12068,"href":"https:\/\/www.nkartravelhouse.com\/fr\/wp-json\/wp\/v2\/pages\/8102\/revisions\/12068"}],"up":[{"embeddable":true,"href":"https:\/\/www.nkartravelhouse.com\/fr\/wp-json\/wp\/v2\/pages\/8075"}],"wp:attachment":[{"href":"https:\/\/www.nkartravelhouse.com\/fr\/wp-json\/wp\/v2\/media?parent=8102"}],"curies":[{"name":"wp","href":"https:\/\/api.w.org\/{rel}","templated":true}]}}