{"id":8159,"date":"2019-11-07T16:30:44","date_gmt":"2019-11-07T11:00:44","guid":{"rendered":"http:\/\/www.nkartravelhouse.com\/fr\/?page_id=8159"},"modified":"2023-06-12T11:36:16","modified_gmt":"2023-06-12T06:06:16","slug":"sl-maldives-tour","status":"publish","type":"page","link":"https:\/\/www.nkartravelhouse.com\/fr\/tours\/luxury-tours\/sl-maldives-tour.html","title":{"rendered":"Les Tours Sri Lanka &#038; Maldives"},"content":{"rendered":"<p>Le &#8216; Tour SriLanka \u2013 Maldives &#8216; vous offre les meilleures exp\u00e9riences des deux mondes ! C\u2019est une visite int\u00e9ressante remplie de belles destinations passionnantes et impressionnantes et des exp\u00e9riences que vous n\u2019avez jamais connu. Ce circuit passionnant est un voyage incroyable et comprend la v\u00e9ritable essence des principales attractions du Sri Lanka &#8211; les villes anciennes, les temples, les ruines, les sites culturels, les routes panoramiques et la faune, et aussi vous permettra de vous  transporter vers une plage de r\u00eave sur les rives de sable blanc des Maldives. Pr\u00e9parez-vous pour le voyage ultime plonger sur des terres d\u2019exp\u00e9riences inoubliables, tandis que vous \u00eates t\u00e9moin d\u2019un m\u00e9lange fantastique d\u2019histoire, de culture, de traditions, d\u2019architecture et de paysages \u00e0 chacune de nos destinations choisies. Vous profiterez d\u2019une exp\u00e9rience unique en son genre au Sri Lanka en voyant les sommets surmont\u00e9s de brume des collines centrales, des vall\u00e9es immacul\u00e9es. Vous pourrez apprendre le pass\u00e9 historique des magnifiques temples et des statues colossales, des mont\u00e9es de roche pour explorer des grottes, admirer les vues panoramiques spectaculaires, se lancer dans un safari en jeep bourr\u00e9 d\u2019adr\u00e9naline dans la nature sauvage et bien plus encore. Les Maldives vous attendent avec ses plages et ses eaux bleues immacul\u00e9es, ses lagunes, ses vastes r\u00e9cifs et plus de d\u00e9lices ! Ce tour pr\u00e9sente une multitude de destinations spectaculaires et d\u2019attractions pittoresques, chacune avec une histoire propre. Embarquez pour notre voyage soigneusement organis\u00e9 avec des exp\u00e9riences signature du d\u00e9but \u00e0 la fin, exclusivement con\u00e7u pour vous.<\/p>\n","protected":false},"excerpt":{"rendered":"<p>Le &#8216; Tour SriLanka \u2013 Maldives &#8216; vous offre les meilleures exp\u00e9riences des deux mondes ! C\u2019est une visite int\u00e9ressante remplie de belles destinations passionnantes et impressionnantes et des exp\u00e9riences que vous n\u2019avez jamais connu. Ce circuit passionnant est un voyage incroyable et comprend la v\u00e9ritable essence des principales attractions du Sri Lanka &#8211; les [&hellip;]<\/p>\n","protected":false},"author":1,"featured_media":0,"parent":8141,"menu_order":0,"comment_status":"closed","ping_status":"closed","template":"","meta":{"footnotes":""},"acf":[],"_links":{"self":[{"href":"https:\/\/www.nkartravelhouse.com\/fr\/wp-json\/wp\/v2\/pages\/8159"}],"collection":[{"href":"https:\/\/www.nkartravelhouse.com\/fr\/wp-json\/wp\/v2\/pages"}],"about":[{"href":"https:\/\/www.nkartravelhouse.com\/fr\/wp-json\/wp\/v2\/types\/page"}],"author":[{"embeddable":true,"href":"https:\/\/www.nkartravelhouse.com\/fr\/wp-json\/wp\/v2\/users\/1"}],"replies":[{"embeddable":true,"href":"https:\/\/www.nkartravelhouse.com\/fr\/wp-json\/wp\/v2\/comments?post=8159"}],"version-history":[{"count":3,"href":"https:\/\/www.nkartravelhouse.com\/fr\/wp-json\/wp\/v2\/pages\/8159\/revisions"}],"predecessor-version":[{"id":11876,"href":"https:\/\/www.nkartravelhouse.com\/fr\/wp-json\/wp\/v2\/pages\/8159\/revisions\/11876"}],"up":[{"embeddable":true,"href":"https:\/\/www.nkartravelhouse.com\/fr\/wp-json\/wp\/v2\/pages\/8141"}],"wp:attachment":[{"href":"https:\/\/www.nkartravelhouse.com\/fr\/wp-json\/wp\/v2\/media?parent=8159"}],"curies":[{"name":"wp","href":"https:\/\/api.w.org\/{rel}","templated":true}]}}