{"id":3113,"date":"2018-12-26T14:43:43","date_gmt":"2018-12-26T09:13:43","guid":{"rendered":"http:\/\/www.nkartravelhouse.com\/gr\/?page_id=3113"},"modified":"2023-07-04T12:03:51","modified_gmt":"2023-07-04T06:33:51","slug":"helicopter-tours-in-sri-lanka","status":"publish","type":"page","link":"https:\/\/www.nkartravelhouse.com\/gr\/excursions\/helicopter-tours-in-sri-lanka.html","title":{"rendered":"Hubschrauber Tour"},"content":{"rendered":"<p>Genie\u00dfen Sie die Freiheit des Fliegens, mit einem Hubschrauber oder Wasserflugzeug. Fliegen Sie, wohin Sie wollen, wann immer Sie wollen, und ohne l\u00e4stiges Einchecken an einem Flughafen mit Hubschrauberrundfl\u00fcgen in Sri Lanka. Ob bei der Arbeit oder zum Vergn\u00fcgen, wir bieten Ihnen alles, was Sie sich w\u00fcnschen. Die Fl\u00fcge finden vom Flughafen Ratmalana aus statt &#8211; und fliegen in die meisten Teile Sri Lankas &#8211; mit einer Vorank\u00fcndigungsfrist von nur 02 Stunden.<\/p>\n<p>Ab 475 USD PP &#8211; Colombo nach Bentota<\/p>\n<p>&nbsp;<\/p>\n","protected":false},"excerpt":{"rendered":"<p>Genie\u00dfen Sie die Freiheit des Fliegens, mit einem Hubschrauber oder Wasserflugzeug. Fliegen Sie, wohin Sie wollen, wann immer Sie wollen, und ohne l\u00e4stiges Einchecken an einem Flughafen mit Hubschrauberrundfl\u00fcgen in Sri Lanka. Ob bei der Arbeit oder zum Vergn\u00fcgen, wir bieten Ihnen alles, was Sie sich w\u00fcnschen. Die Fl\u00fcge finden vom Flughafen Ratmalana aus statt [&hellip;]<\/p>\n","protected":false},"author":1,"featured_media":0,"parent":3090,"menu_order":13,"comment_status":"closed","ping_status":"closed","template":"","meta":{"footnotes":""},"acf":[],"_links":{"self":[{"href":"https:\/\/www.nkartravelhouse.com\/gr\/wp-json\/wp\/v2\/pages\/3113"}],"collection":[{"href":"https:\/\/www.nkartravelhouse.com\/gr\/wp-json\/wp\/v2\/pages"}],"about":[{"href":"https:\/\/www.nkartravelhouse.com\/gr\/wp-json\/wp\/v2\/types\/page"}],"author":[{"embeddable":true,"href":"https:\/\/www.nkartravelhouse.com\/gr\/wp-json\/wp\/v2\/users\/1"}],"replies":[{"embeddable":true,"href":"https:\/\/www.nkartravelhouse.com\/gr\/wp-json\/wp\/v2\/comments?post=3113"}],"version-history":[{"count":3,"href":"https:\/\/www.nkartravelhouse.com\/gr\/wp-json\/wp\/v2\/pages\/3113\/revisions"}],"predecessor-version":[{"id":11810,"href":"https:\/\/www.nkartravelhouse.com\/gr\/wp-json\/wp\/v2\/pages\/3113\/revisions\/11810"}],"up":[{"embeddable":true,"href":"https:\/\/www.nkartravelhouse.com\/gr\/wp-json\/wp\/v2\/pages\/3090"}],"wp:attachment":[{"href":"https:\/\/www.nkartravelhouse.com\/gr\/wp-json\/wp\/v2\/media?parent=3113"}],"curies":[{"name":"wp","href":"https:\/\/api.w.org\/{rel}","templated":true}]}}