{"id":7982,"date":"2019-11-07T13:01:00","date_gmt":"2019-11-07T07:31:00","guid":{"rendered":"http:\/\/www.nkartravelhouse.com\/gr\/?page_id=7982"},"modified":"2023-07-04T12:11:14","modified_gmt":"2023-07-04T06:41:14","slug":"cultural-tour-07n-08d","status":"publish","type":"page","link":"https:\/\/www.nkartravelhouse.com\/gr\/tours\/culture-heritage-tours\/cultural-tour-07n-08d.html","title":{"rendered":"Kulturreise"},"content":{"rendered":"<p>Unsere Kulturreise durch Sri Lanka ist eine sorgf\u00e4ltig konzipierte Reise, die mit den besten und faszinierendsten religi\u00f6sen und kulturellen Attraktionen gef\u00fcllt ist, welche die Insel zu bieten hat. Wir zeigen Ihnen die vielf\u00e4ltigen Facetten der singhalesischen Kultur! Sie beinhaltet nicht nur die wahre Essenz der Insel wie antike St\u00e4dte, Tempel und Ruinen, aber auch die malerischen Routen abseits der klassischen Pfade. Bereiten Sie sich auf eine ultimative Reise in ein Land vor, wo an jedem besuchten Ort eine Mischung aus Geschichte, Kultur, Traditionen, Architektur und Landschaften auf Sie wartet. Sie werden ein einzigartiges Erlebnis genie\u00dfen, wenn Sie die nebligen Gipfel des Berglands, sowie die unber\u00fchrte T\u00e4ler, die sich durch \u00fcppig gr\u00fcne Berge schl\u00e4ngeln sehen und die historische Vergangenheit der pr\u00e4chtigen Tempel und Statuen kennenlernen. Klettertouren, um H\u00f6hlen zu erkunden und spektakul\u00e4re Panoramablicke zu bewundern, adrenalingeladene Jeep-Safari in der Wildnis und vieles mehr erwartet Sie auf der Reise. Sri Lanka beherbergt eine Vielzahl an atemberaubenden Orten und Attraktionen, von denen jede eine eigene Geschichte hat. Begeben Sie sich auf unsere sorgf\u00e4ltig zusammengestellte Tour mit den einzigartigen Erlebnissen, die exklusiv f\u00fcr Sie entworfen wurden.<\/p>\n","protected":false},"excerpt":{"rendered":"<p>Unsere Kulturreise durch Sri Lanka ist eine sorgf\u00e4ltig konzipierte Reise, die mit den besten und faszinierendsten religi\u00f6sen und kulturellen Attraktionen gef\u00fcllt ist, welche die Insel zu bieten hat. Wir zeigen Ihnen die vielf\u00e4ltigen Facetten der singhalesischen Kultur! Sie beinhaltet nicht nur die wahre Essenz der Insel wie antike St\u00e4dte, Tempel und Ruinen, aber auch die [&hellip;]<\/p>\n","protected":false},"author":1,"featured_media":0,"parent":7976,"menu_order":0,"comment_status":"closed","ping_status":"closed","template":"","meta":{"footnotes":""},"acf":[],"_links":{"self":[{"href":"https:\/\/www.nkartravelhouse.com\/gr\/wp-json\/wp\/v2\/pages\/7982"}],"collection":[{"href":"https:\/\/www.nkartravelhouse.com\/gr\/wp-json\/wp\/v2\/pages"}],"about":[{"href":"https:\/\/www.nkartravelhouse.com\/gr\/wp-json\/wp\/v2\/types\/page"}],"author":[{"embeddable":true,"href":"https:\/\/www.nkartravelhouse.com\/gr\/wp-json\/wp\/v2\/users\/1"}],"replies":[{"embeddable":true,"href":"https:\/\/www.nkartravelhouse.com\/gr\/wp-json\/wp\/v2\/comments?post=7982"}],"version-history":[{"count":4,"href":"https:\/\/www.nkartravelhouse.com\/gr\/wp-json\/wp\/v2\/pages\/7982\/revisions"}],"predecessor-version":[{"id":11885,"href":"https:\/\/www.nkartravelhouse.com\/gr\/wp-json\/wp\/v2\/pages\/7982\/revisions\/11885"}],"up":[{"embeddable":true,"href":"https:\/\/www.nkartravelhouse.com\/gr\/wp-json\/wp\/v2\/pages\/7976"}],"wp:attachment":[{"href":"https:\/\/www.nkartravelhouse.com\/gr\/wp-json\/wp\/v2\/media?parent=7982"}],"curies":[{"name":"wp","href":"https:\/\/api.w.org\/{rel}","templated":true}]}}