{"id":3092,"date":"2018-12-26T14:38:04","date_gmt":"2018-12-26T09:08:04","guid":{"rendered":"http:\/\/www.nkartravelhouse.com\/it\/?page_id=3092"},"modified":"2023-06-12T11:13:08","modified_gmt":"2023-06-12T05:43:08","slug":"whale-watching-in-sri-lanka","status":"publish","type":"page","link":"https:\/\/www.nkartravelhouse.com\/it\/excursions\/whale-watching-in-sri-lanka.html","title":{"rendered":"Osservazione delle balene in Sri Lanka \u2013 \u201cBig Fish the Whale\u201d"},"content":{"rendered":"<p>L&#8217;escursione a terra inizia e la barca salper\u00e0 alle 06:30 dal pi\u00f9 grande porto di pesca di Mirissa, sulla costa meridionale dello Sri Lanka, ed \u00e8 un punto chiave per l&#8217;osservazione di balene e delfini nel paese con le albe e i tramonti pi\u00f9 belli da godere. I capodogli, i balene di Bryde sono alcune delle balene pi\u00f9 comuni che incontrerai e, se sei davvero fortunato, sarai in grado di intravedere le orche assassine (note anche come orche). Tra le specie di delfini, puoi vedere i delfini tursiopi, delfini spinner, delfini di Risso e delfini striati. Queste giocose creature nuoterebbero accanto alla tua barca e salterebbero fuori dall&#8217;acqua con tuo grande piacere!<\/p>\n<p>La barca torner\u00e0 a riva tra le 02 \u00bd e le 03 ore.<\/p>\n<table>\n<tbody>\n<tr>\n<td width=\"312\"><strong><u>Luogo di ritiro<\/u><\/strong><\/td>\n<td width=\"312\"><strong><u>Orari di ritiro<\/u><\/strong><\/td>\n<\/tr>\n<tr>\n<td width=\"312\">Colombo<\/td>\n<td width=\"312\">05.00 Matthina<\/td>\n<\/tr>\n<tr>\n<td width=\"312\">Wadduwa<\/td>\n<td width=\"312\">05.10 Matthina<\/td>\n<\/tr>\n<tr>\n<td width=\"312\">Hikkaduwa<\/td>\n<td width=\"312\">05.30 Matthina<\/td>\n<\/tr>\n<tr>\n<td width=\"312\">Galle<\/td>\n<td width=\"312\">05.45 Matthina<\/td>\n<\/tr>\n<tr>\n<td width=\"312\">Koggala &amp; Ahangama &#8211; Koggala e Ahangama<\/td>\n<td width=\"312\">06.00 Matthina<\/td>\n<\/tr>\n<\/tbody>\n<\/table>\n<p><script>\n$(document).ready(function(){\n$('#rev_submit').attr('style','width: 160px!important');\n});\n<\/script><\/p>\n","protected":false},"excerpt":{"rendered":"<p>L&#8217;escursione a terra inizia e la barca salper\u00e0 alle 06:30 dal pi\u00f9 grande porto di pesca di Mirissa, sulla costa meridionale dello Sri Lanka, ed \u00e8 un punto chiave per l&#8217;osservazione di balene e delfini nel paese con le albe e i tramonti pi\u00f9 belli da godere. I capodogli, i balene di Bryde sono alcune [&hellip;]<\/p>\n","protected":false},"author":1,"featured_media":0,"parent":3090,"menu_order":1,"comment_status":"closed","ping_status":"closed","template":"","meta":{"footnotes":""},"acf":[],"_links":{"self":[{"href":"https:\/\/www.nkartravelhouse.com\/it\/wp-json\/wp\/v2\/pages\/3092"}],"collection":[{"href":"https:\/\/www.nkartravelhouse.com\/it\/wp-json\/wp\/v2\/pages"}],"about":[{"href":"https:\/\/www.nkartravelhouse.com\/it\/wp-json\/wp\/v2\/types\/page"}],"author":[{"embeddable":true,"href":"https:\/\/www.nkartravelhouse.com\/it\/wp-json\/wp\/v2\/users\/1"}],"replies":[{"embeddable":true,"href":"https:\/\/www.nkartravelhouse.com\/it\/wp-json\/wp\/v2\/comments?post=3092"}],"version-history":[{"count":4,"href":"https:\/\/www.nkartravelhouse.com\/it\/wp-json\/wp\/v2\/pages\/3092\/revisions"}],"predecessor-version":[{"id":12083,"href":"https:\/\/www.nkartravelhouse.com\/it\/wp-json\/wp\/v2\/pages\/3092\/revisions\/12083"}],"up":[{"embeddable":true,"href":"https:\/\/www.nkartravelhouse.com\/it\/wp-json\/wp\/v2\/pages\/3090"}],"wp:attachment":[{"href":"https:\/\/www.nkartravelhouse.com\/it\/wp-json\/wp\/v2\/media?parent=3092"}],"curies":[{"name":"wp","href":"https:\/\/api.w.org\/{rel}","templated":true}]}}