{"id":7206,"date":"2019-08-01T11:09:06","date_gmt":"2019-08-01T05:39:06","guid":{"rendered":"http:\/\/www.nkartravelhouse.com\/it\/?page_id=7206"},"modified":"2023-07-04T12:21:34","modified_gmt":"2023-07-04T06:51:34","slug":"csr","status":"publish","type":"page","link":"https:\/\/www.nkartravelhouse.com\/it\/csr.html","title":{"rendered":"PROGETTI CSR DI NKAR"},"content":{"rendered":"<p>NKAR intende soddisfare in modo sostenibile i propri stakeholder attraverso la sua strategia di CSR. Di conseguenza, lo scopo della RSI del marchio intende sostenere attivamente la sostenibilit\u00e0 dell&#8217;ambiente attraverso misure realistiche, sviluppando e sostenendo attivamente le comunit\u00e0 ipermetrope dello Sri Lanka nella misura in cui potrebbero sviluppare i propri mezzi di sussistenza. Lo scopo della CSR di NKAR \u00e8 a lungo termine e intende sviluppare relazioni durature con le sue comunit\u00e0 e con l&#8217;ambiente con cui il marchio si impegna attivamente.<\/p>\n<p>Ci sono due principali destinatari della strategia di RSI di NKAR: l&#8217;ambiente (ecosistema) e la comunit\u00e0. Mentre alcune iniziative si rivolgono direttamente al benessere dell&#8217;ecosistema, altre si rivolgono a comunit\u00e0 che sono spesso controllate da una regolare iniziativa di CSR, ma strategicamente importanti per la costante crescita del settore.<\/p>\n<h4><strong>ATTIVIT\u00c0 CSR<\/strong><\/h4>\n<p><strong>Sostenere i tessitori locali di Dunagaha<\/strong><\/p>\n<p>NKAR ha selezionato un villaggio remoto nel distretto di Negombo &#8211; Dunagaha &#8211; che \u00e8 rurale, ma rinomato per i tessuti. Portiamo i nostri gruppi tedeschi in questo villaggio dopo il loro arrivo in Sri Lanka per offrire loro un&#8217;esperienza intorno al villaggio e alla sua industria. Questo viene abbinato a dolci tradizionali e a una tazza di T\u00e8 di Ceylon puro, dopo di che ogni cliente viene dotato di uno scialle intrecciato in modo tradizionale &#8211; preacquistato in massa dallo stesso villaggio da NKAR &#8211; come prezioso souvenir.L&#8217;obiettivo di questa iniziativa \u00e8 quello di sostenere il benessere sociale degli abitanti del villaggio, sviluppare la sostenibilit\u00e0 economica dell&#8217;industria e del villaggio, offrendo al contempo un&#8217;esperienza completamente diversa ai clienti di NKAR prima di iniziare il loro tour in Sri Lanka.<\/p>\n<p><img loading=\"lazy\" decoding=\"async\" class=\"alignnone size-full wp-image-7263\" src=\"https:\/\/d31t1a4b1z64ez.cloudfront.net\/sites\/21\/2019\/08\/Supporting-Local-Weavers-2.jpg\" alt=\"\" width=\"300\" height=\"200\" \/>\u00a0<img loading=\"lazy\" decoding=\"async\" class=\"alignnone size-full wp-image-7269\" src=\"https:\/\/d31t1a4b1z64ez.cloudfront.net\/sites\/21\/2019\/08\/Supporting-Local-Weavers-3.jpg\" alt=\"\" width=\"300\" height=\"200\" \/>\u00a0<img loading=\"lazy\" decoding=\"async\" class=\"alignnone size-full wp-image-7272\" src=\"https:\/\/d31t1a4b1z64ez.cloudfront.net\/sites\/21\/2019\/08\/Supporting-Local-Weavers.jpg\" alt=\"\" width=\"150\" height=\"200\" \/>\u00a0<img loading=\"lazy\" decoding=\"async\" class=\"alignnone size-full wp-image-7275\" src=\"https:\/\/d31t1a4b1z64ez.cloudfront.net\/sites\/21\/2019\/08\/Supporting-Local-Weavers-1.jpg\" alt=\"\" width=\"150\" height=\"200\" \/><\/p>\n<p><strong>Campagna di sensibilizzazione per la Giornata Mondiale del Turismo<\/strong><\/p>\n<p>NKAR ha lanciato una campagna di sensibilizzazione in occasione della Giornata Mondiale del Turismo 2017 e il marchio ha coinvolto i Trishaw Drivers che sono stati direttamente in contatto con molti turisti in visita nello Sri Lanka. La campagna di sensibilizzazione prevedeva istruzioni sul &#8220;Perch\u00e9 un turista dovrebbe essere protetto&#8221;, mentre un manuale di istruzioni \u00e8 stato distribuito ai partecipanti indirizzati con un adesivo di conferma posto sul retro di ogni veicolo a garanzia del turista in viaggio.<\/p>\n<p><img loading=\"lazy\" decoding=\"async\" class=\"alignnone size-full wp-image-7281\" src=\"https:\/\/d31t1a4b1z64ez.cloudfront.net\/sites\/21\/2019\/08\/World-Tourism-Day-Awareness-Campaign-1.jpg\" alt=\"\" width=\"300\" height=\"200\" \/>\u00a0<img loading=\"lazy\" decoding=\"async\" class=\"alignnone size-full wp-image-7284\" src=\"https:\/\/d31t1a4b1z64ez.cloudfront.net\/sites\/21\/2019\/08\/World-Tourism-Day-Awareness-Campaign-2.jpg\" alt=\"\" width=\"300\" height=\"200\" \/>\u00a0<img loading=\"lazy\" decoding=\"async\" class=\"alignnone size-full wp-image-7287\" src=\"https:\/\/d31t1a4b1z64ez.cloudfront.net\/sites\/21\/2019\/08\/World-Tourism-Day-Awareness-Campaign.jpg\" alt=\"\" width=\"300\" height=\"200\" \/><\/p>\n<p><strong>Eliminare le bottiglie d&#8217;acqua in plastica dai round tours(tour circolari)<\/strong><\/p>\n<p> NKAR ha preso l&#8217;iniziativa di distribuire bottiglie in PET da 19 litri (riciclabili) e una pompa a mano ciascuna agli autobus da turismo, mentre i clienti sono invitati a portare le loro bottiglie d&#8217;acqua personali per poterle ricaricare sull&#8217;autobus. Using smaller (500ml\/1L) bottles are strictly discouraged by local tour leaders and Foreign Tour Operators. Di conseguenza, gli sprechi di plastica durante i tour di gruppo di NKAR sono minimi o inesistenti, mentre il marchio ha mantenuto attivamente gli elementi della Triple Bottom Line attraverso la conservazione dell&#8217;ambiente, il benessere sociale (consapevolezza di base tra gli stakeholder) e la sostenibilit\u00e0 economica (forti risparmi sui costi per l&#8217;organizzazione).<\/p>\n<p><img loading=\"lazy\" decoding=\"async\" class=\"alignnone size-full wp-image-7296\" src=\"https:\/\/d31t1a4b1z64ez.cloudfront.net\/sites\/21\/2019\/08\/Eliminating-plastic-water-bottles-1.jpg\" alt=\"\" width=\"150\" height=\"200\" \/><\/p>\n<p><strong>Una giornata nella grande citt\u00e0 per i bambini nelle aree turistiche<\/strong><\/p>\n<p>NKAR ha un&#8217;iniziativa per sostenere i bambini provenienti da aree turistiche (spesso da settori rurali o immobiliari) fornendo loro l&#8217;opportunit\u00e0 di visitare Colombo &#8211; una citt\u00e0 che molti non hanno mai visitato prima. Questo include anche una visita alla spiaggia che \u00e8 un&#8217;altra &#8216;prima&#8217; per molti bambini di campagna\/estate i cui genitori sono per lo pi\u00f9 i fornitori di NKAR. L&#8217;obiettivo di questa iniziativa \u00e8 di offrire un&#8217;opportunit\u00e0 unica e memorabile ai figli dei nostri fornitori di visitare la capitale commerciale dello Sri Lanka in una fuga &#8216;All Paid&#8217;! L&#8217;iniziativa si conclude agginndendo valore  al viaggio educativo di questi bambini in quanto NKAR  regala un dizionario Sinhala-Inglese a ogni bambino avvolto nel marchio NKAR, in modo che il nome del marchio faccia molta strada insieme ai ricordi della visita a Colombo.<\/p>\n<p><strong>29.11.2018<\/strong> &#8211; 38 bambini delle classi 10 &#8211; 11 di Ginigathhena Vidyalaya,(una scuola ) Ginigathhena sono stati selezionati dal loro preside per partecipare a questa iniziativa sostenuta da 03 insegnanti.<\/p>\n<p><strong>15.03.2019<\/strong> &#8211; Un totale di 52 bambini delle classi 7-9 della scuola elementare di Katuwattewela, Kuliyapitiya, sono stati selezionati dal loro preside per partecipare a questa iniziativa sostenuta da 04 insegnanti.<\/p>\n<p><img loading=\"lazy\" decoding=\"async\" class=\"alignnone size-full wp-image-7302\" src=\"https:\/\/d31t1a4b1z64ez.cloudfront.net\/sites\/21\/2019\/08\/School-3.jpg\" alt=\"\" width=\"300\" height=\"200\" \/>\u00a0<img loading=\"lazy\" decoding=\"async\" class=\"alignnone size-full wp-image-7305\" src=\"https:\/\/d31t1a4b1z64ez.cloudfront.net\/sites\/21\/2019\/08\/School-2.jpg\" alt=\"\" width=\"300\" height=\"200\" \/>\u00a0<img loading=\"lazy\" decoding=\"async\" class=\"alignnone size-full wp-image-7308\" src=\"https:\/\/d31t1a4b1z64ez.cloudfront.net\/sites\/21\/2019\/08\/NKAR-staff-with-school-teacher.jpg\" alt=\"\" width=\"300\" height=\"200\" \/><\/p>\n","protected":false},"excerpt":{"rendered":"<p>NKAR intende soddisfare in modo sostenibile i propri stakeholder attraverso la sua strategia di CSR. Di conseguenza, lo scopo della RSI del marchio intende sostenere attivamente la sostenibilit\u00e0 dell&#8217;ambiente attraverso misure realistiche, sviluppando e sostenendo attivamente le comunit\u00e0 ipermetrope dello Sri Lanka nella misura in cui potrebbero sviluppare i propri mezzi di sussistenza. Lo scopo [&hellip;]<\/p>\n","protected":false},"author":9,"featured_media":0,"parent":0,"menu_order":27,"comment_status":"closed","ping_status":"closed","template":"","meta":{"footnotes":""},"acf":[],"_links":{"self":[{"href":"https:\/\/www.nkartravelhouse.com\/it\/wp-json\/wp\/v2\/pages\/7206"}],"collection":[{"href":"https:\/\/www.nkartravelhouse.com\/it\/wp-json\/wp\/v2\/pages"}],"about":[{"href":"https:\/\/www.nkartravelhouse.com\/it\/wp-json\/wp\/v2\/types\/page"}],"author":[{"embeddable":true,"href":"https:\/\/www.nkartravelhouse.com\/it\/wp-json\/wp\/v2\/users\/9"}],"replies":[{"embeddable":true,"href":"https:\/\/www.nkartravelhouse.com\/it\/wp-json\/wp\/v2\/comments?post=7206"}],"version-history":[{"count":4,"href":"https:\/\/www.nkartravelhouse.com\/it\/wp-json\/wp\/v2\/pages\/7206\/revisions"}],"predecessor-version":[{"id":12191,"href":"https:\/\/www.nkartravelhouse.com\/it\/wp-json\/wp\/v2\/pages\/7206\/revisions\/12191"}],"wp:attachment":[{"href":"https:\/\/www.nkartravelhouse.com\/it\/wp-json\/wp\/v2\/media?parent=7206"}],"curies":[{"name":"wp","href":"https:\/\/api.w.org\/{rel}","templated":true}]}}