{"id":3031,"date":"2018-12-26T13:22:32","date_gmt":"2018-12-26T07:52:32","guid":{"rendered":"http:\/\/www.nkartravelhouse.com\/sp\/?page_id=3031"},"modified":"2023-06-12T11:43:01","modified_gmt":"2023-06-12T06:13:01","slug":"seat-in-coach","status":"publish","type":"page","link":"https:\/\/www.nkartravelhouse.com\/sp\/tours\/classical-tours\/seat-in-coach.html","title":{"rendered":"SEAT IN COACH TOURS SRI LANKA"},"content":{"rendered":"<p>A diferencia del habitual tour en autocar &#8211; que cubre lugares interesantes de un destino particular &#8211; esta es una experiencia que une la naturaleza, la cultura y el paisaje de la isla paradis\u00edaca. Por lo tanto, &#8220;mezclarse con los locales&#8221; es un punto culminante de nuestros viajes en autocar en Sri Lanka que han sido dise\u00f1ados para ofrecerte el &#8220;verdadero sabor&#8221; a trav\u00e9s del estilo de vida de Sri Lanka. De hecho, esta ser\u00e1 una de las principales razones por las que te llevar\u00e1s a casa no s\u00f3lo recuerdos de lugares pintorescos, sino un ramillete de recuerdos que evocar\u00e1n deliciosos momentos de la Maravilla de Asia en el futuro.!<\/p>\n","protected":false},"excerpt":{"rendered":"<p>A diferencia del habitual tour en autocar &#8211; que cubre lugares interesantes de un destino particular &#8211; esta es una experiencia que une la naturaleza, la cultura y el paisaje de la isla paradis\u00edaca. Por lo tanto, &#8220;mezclarse con los locales&#8221; es un punto culminante de nuestros viajes en autocar en Sri Lanka que han [&hellip;]<\/p>\n","protected":false},"author":1,"featured_media":0,"parent":7874,"menu_order":5,"comment_status":"closed","ping_status":"closed","template":"","meta":{"footnotes":""},"acf":[],"_links":{"self":[{"href":"https:\/\/www.nkartravelhouse.com\/sp\/wp-json\/wp\/v2\/pages\/3031"}],"collection":[{"href":"https:\/\/www.nkartravelhouse.com\/sp\/wp-json\/wp\/v2\/pages"}],"about":[{"href":"https:\/\/www.nkartravelhouse.com\/sp\/wp-json\/wp\/v2\/types\/page"}],"author":[{"embeddable":true,"href":"https:\/\/www.nkartravelhouse.com\/sp\/wp-json\/wp\/v2\/users\/1"}],"replies":[{"embeddable":true,"href":"https:\/\/www.nkartravelhouse.com\/sp\/wp-json\/wp\/v2\/comments?post=3031"}],"version-history":[{"count":4,"href":"https:\/\/www.nkartravelhouse.com\/sp\/wp-json\/wp\/v2\/pages\/3031\/revisions"}],"predecessor-version":[{"id":11765,"href":"https:\/\/www.nkartravelhouse.com\/sp\/wp-json\/wp\/v2\/pages\/3031\/revisions\/11765"}],"up":[{"embeddable":true,"href":"https:\/\/www.nkartravelhouse.com\/sp\/wp-json\/wp\/v2\/pages\/7874"}],"wp:attachment":[{"href":"https:\/\/www.nkartravelhouse.com\/sp\/wp-json\/wp\/v2\/media?parent=3031"}],"curies":[{"name":"wp","href":"https:\/\/api.w.org\/{rel}","templated":true}]}}