{"id":3080,"date":"2018-12-26T14:27:13","date_gmt":"2018-12-26T08:57:13","guid":{"rendered":"http:\/\/www.nkartravelhouse.com\/sp\/?page_id=3080"},"modified":"2023-06-12T11:38:52","modified_gmt":"2023-06-12T06:08:52","slug":"commercial-capital","status":"publish","type":"page","link":"https:\/\/www.nkartravelhouse.com\/sp\/about-sri-lanka\/destinations\/commercial-capital.html","title":{"rendered":"CAPITAL COMERCIAL SRI LANKA"},"content":{"rendered":"<p>Colombo, el coraz\u00f3n y el alma de Sri Lanka&#8230;<\/p>\n<p>La capital de Sri Lanka, Colombo, es el coraz\u00f3n y el alma de la isla, aunque Sri Jayawardana Pura Kotte es la capital oficial. Los turistas son bienvenidos a Sri Lanka con lo mejor: hoteles de 5 estrellas, restaurantes, vida nocturna, aventura y mucho m\u00e1s. Entre los lugares m\u00e1s destacados de Colombo se encuentran Galle Face Green, el Parque Viharamahadevi, el lago Beira, el hip\u00f3dromo de Colombo, el Planetario, la playa del Monte Lavinia, as\u00ed como el Museo Nacional (actualmente en renovaci\u00f3n).<\/p>\n","protected":false},"excerpt":{"rendered":"<p>Colombo, el coraz\u00f3n y el alma de Sri Lanka&#8230; La capital de Sri Lanka, Colombo, es el coraz\u00f3n y el alma de la isla, aunque Sri Jayawardana Pura Kotte es la capital oficial. Los turistas son bienvenidos a Sri Lanka con lo mejor: hoteles de 5 estrellas, restaurantes, vida nocturna, aventura y mucho m\u00e1s. Entre [&hellip;]<\/p>\n","protected":false},"author":1,"featured_media":0,"parent":3076,"menu_order":0,"comment_status":"closed","ping_status":"closed","template":"","meta":{"footnotes":""},"acf":[],"_links":{"self":[{"href":"https:\/\/www.nkartravelhouse.com\/sp\/wp-json\/wp\/v2\/pages\/3080"}],"collection":[{"href":"https:\/\/www.nkartravelhouse.com\/sp\/wp-json\/wp\/v2\/pages"}],"about":[{"href":"https:\/\/www.nkartravelhouse.com\/sp\/wp-json\/wp\/v2\/types\/page"}],"author":[{"embeddable":true,"href":"https:\/\/www.nkartravelhouse.com\/sp\/wp-json\/wp\/v2\/users\/1"}],"replies":[{"embeddable":true,"href":"https:\/\/www.nkartravelhouse.com\/sp\/wp-json\/wp\/v2\/comments?post=3080"}],"version-history":[{"count":3,"href":"https:\/\/www.nkartravelhouse.com\/sp\/wp-json\/wp\/v2\/pages\/3080\/revisions"}],"predecessor-version":[{"id":11759,"href":"https:\/\/www.nkartravelhouse.com\/sp\/wp-json\/wp\/v2\/pages\/3080\/revisions\/11759"}],"up":[{"embeddable":true,"href":"https:\/\/www.nkartravelhouse.com\/sp\/wp-json\/wp\/v2\/pages\/3076"}],"wp:attachment":[{"href":"https:\/\/www.nkartravelhouse.com\/sp\/wp-json\/wp\/v2\/media?parent=3080"}],"curies":[{"name":"wp","href":"https:\/\/api.w.org\/{rel}","templated":true}]}}