{"id":3113,"date":"2018-12-26T14:43:43","date_gmt":"2018-12-26T09:13:43","guid":{"rendered":"http:\/\/www.nkartravelhouse.com\/sp\/?page_id=3113"},"modified":"2023-07-04T13:51:27","modified_gmt":"2023-07-04T08:21:27","slug":"helicopter-tours-in-sri-lanka","status":"publish","type":"page","link":"https:\/\/www.nkartravelhouse.com\/sp\/excursions\/helicopter-tours-in-sri-lanka.html","title":{"rendered":"Vista de p\u00e1jaro de la isla en helic\u00f3ptero"},"content":{"rendered":"<p>Sri Lanka es una isla que tiene m\u00e1s de 7000 tanques artificiales, m\u00e1s de 400 cascadas, una isla rodeada por el mar y un cintur\u00f3n costero, regi\u00f3n monta\u00f1osa que se eleva a una altitud de 8200 pies desde el nivel del mar, 187,000 hect\u00e1reas de jardines de t\u00e9, el 30% de el pa\u00eds est\u00e1 cubierto de vegetaci\u00f3n, hermosas cadenas monta\u00f1osas como Knuckles, Sinharaja y la cordillera de las siete v\u00edrgenes, el mundialmente famoso pico de Ad\u00e1n y la fortaleza de roca de Sigiriya, paseos por los arrozales de tonos verdes. As\u00ed de\u00a0 pintoresca es la isla, brindamos esta experiencia para ti.<\/p>\n<p><strong>El vuelo comienza desde el aeropuerto Ratmalana de Colombo <\/strong><\/p>\n<table width=\"623\">\n<tbody>\n<tr>\n<td width=\"312\"><strong><u>Lugar de recogida <\/u><\/strong><\/td>\n<td width=\"312\"><strong><u>Tiempo de viaje <\/u><\/strong><\/td>\n<\/tr>\n<tr>\n<td width=\"312\">Negombo<\/td>\n<td width=\"312\">01 \u00bd Horas<\/td>\n<\/tr>\n<tr>\n<td width=\"312\">Colombo<\/td>\n<td width=\"312\">30 minutos<\/td>\n<\/tr>\n<tr>\n<td width=\"312\">Wadduwa &#8211; Beruwela<\/td>\n<td width=\"312\">45 minutos<\/td>\n<\/tr>\n<tr>\n<td width=\"312\">Aluthgama &#8211; Bentota<\/td>\n<td width=\"312\">01 hora<\/td>\n<\/tr>\n<tr>\n<td width=\"312\">Induruwa &#8211; Galle<\/td>\n<td width=\"312\">01 \u00bd Horas<\/td>\n<\/tr>\n<tr>\n<td width=\"312\">Koggala &#8211; Ahangama<\/td>\n<td width=\"312\">02 Horas<\/td>\n<\/tr>\n<\/tbody>\n<\/table>\n","protected":false},"excerpt":{"rendered":"<p>Sri Lanka es una isla que tiene m\u00e1s de 7000 tanques artificiales, m\u00e1s de 400 cascadas, una isla rodeada por el mar y un cintur\u00f3n costero, regi\u00f3n monta\u00f1osa que se eleva a una altitud de 8200 pies desde el nivel del mar, 187,000 hect\u00e1reas de jardines de t\u00e9, el 30% de el pa\u00eds est\u00e1 cubierto [&hellip;]<\/p>\n","protected":false},"author":1,"featured_media":0,"parent":3090,"menu_order":13,"comment_status":"closed","ping_status":"closed","template":"","meta":{"footnotes":""},"acf":[],"_links":{"self":[{"href":"https:\/\/www.nkartravelhouse.com\/sp\/wp-json\/wp\/v2\/pages\/3113"}],"collection":[{"href":"https:\/\/www.nkartravelhouse.com\/sp\/wp-json\/wp\/v2\/pages"}],"about":[{"href":"https:\/\/www.nkartravelhouse.com\/sp\/wp-json\/wp\/v2\/types\/page"}],"author":[{"embeddable":true,"href":"https:\/\/www.nkartravelhouse.com\/sp\/wp-json\/wp\/v2\/users\/1"}],"replies":[{"embeddable":true,"href":"https:\/\/www.nkartravelhouse.com\/sp\/wp-json\/wp\/v2\/comments?post=3113"}],"version-history":[{"count":3,"href":"https:\/\/www.nkartravelhouse.com\/sp\/wp-json\/wp\/v2\/pages\/3113\/revisions"}],"predecessor-version":[{"id":6564,"href":"https:\/\/www.nkartravelhouse.com\/sp\/wp-json\/wp\/v2\/pages\/3113\/revisions\/6564"}],"up":[{"embeddable":true,"href":"https:\/\/www.nkartravelhouse.com\/sp\/wp-json\/wp\/v2\/pages\/3090"}],"wp:attachment":[{"href":"https:\/\/www.nkartravelhouse.com\/sp\/wp-json\/wp\/v2\/media?parent=3113"}],"curies":[{"name":"wp","href":"https:\/\/api.w.org\/{rel}","templated":true}]}}