{"id":3115,"date":"2018-12-26T14:44:22","date_gmt":"2018-12-26T09:14:22","guid":{"rendered":"http:\/\/www.nkartravelhouse.com\/sp\/?page_id=3115"},"modified":"2023-07-04T13:53:15","modified_gmt":"2023-07-04T08:23:15","slug":"travel-to-polonnaruwa-sri-lanka","status":"publish","type":"page","link":"https:\/\/www.nkartravelhouse.com\/sp\/excursions\/travel-to-polonnaruwa-sri-lanka.html","title":{"rendered":"Visita la capital medieval de Polonnaruwa"},"content":{"rendered":"<p>La excursi\u00f3n se ofrece con una estancia de una noche en Polonnaruwa.<\/p>\n<p>Te proponemos salir entre las 05.00 y las 05.30 a.m. para experimentar el amanecer del d\u00eda, mientras nos acercamos a los pueblos, es emocionante ver a los p\u00e1jaros en bandada y observar c\u00f3mo las carreteras de la ciudad cambian gradualmente a un terreno plano que se extiende millas por delante a medida que el clima se vuelve m\u00e1s c\u00e1lido.. Sin duda ser\u00e1 fascinante observar c\u00f3mo el camino alfombrado se extiende entre exuberantes arrozales verdes.<\/p>\n<p>Mientras comienza el viajes, ser\u00e1s testigo de cultivos de coco y mientras conducimos hacia Polonnaruwa, ver\u00e1s vastas \u00e1reas de arrozales. Es realmente asombroso ver c\u00f3mo cambia la vegetaci\u00f3n de la l\u00ednea costera a la zona seca. Mientras nos internamos en la parte norte de la isla, podr\u00e1s observar aves ex\u00f3ticas, monitores, lagartos, b\u00fafalos grises y monos demasiado amigables.<\/p>\n<p>Polonnaruwa es una mina de extravagancia cultural y religiosa. Sellando una era notable desde el siglo XI hasta 1310 d.C. Polonnaruwa, representa uno de los hitos m\u00e1s importantes de la historia de Sri Lanka. Da un paseo por este sitio declarado Patrimonio de la Humanidad por la UNESCO, un reino de los reyes m\u00e1s grandes que gobernaron la isla, y ser\u00e1s testigo de las estatuas de Buda talladas en piedra, as\u00ed como de los monumentos antiguos, arquitect\u00f3nicos e hist\u00f3ricos que agregan valor a Polonnaruwa. \u00a1Observa el glamour de Gal Viharaya, Lankatilake, Rankot Vehera, Thuparama y Thivanka Image House antes de salir de la capital real de Sri Lanka!<\/p>\n<p><em>Opcional &#8211; Excursi\u00f3n en bicicleta. Recomendamos esta excursi\u00f3n porque la capital medieval es una ciudad antigua separada y demarcada sin movimiento de tr<\/em><em>\u00e1<\/em><em>fico p<\/em><em>\u00fa<\/em><em>blico.<\/em><\/p>\n<p><em>Nos dirigiremos<\/em> hasta una casa del pueblo cercana, donde tendr\u00e1s la oportunidad de mezclarte con una familia local y preparar la comida juntos. Ser\u00e1 una experiencia de cocina interactiva para los invitados. Mientras compartes los secretos de la cocina de Sri Lanka, el gu\u00eda tur\u00edstico te presentar\u00e1 a la familia del pueblo. Despu\u00e9s de la preparaci\u00f3n conjunta de la comida, puede s disfrutar del t\u00edpico arroz de Sri Lanka y un almuerzo al curry con la familia local. Seguro que ser\u00e1 otra experiencia inolvidable para todos los invitados.<\/p>\n<p><strong><em>Pernoctaci\u00f3n en un hotel de alta gama 03 * <\/em><\/strong><\/p>\n<p>Regreso despues del desayuno<\/p>\n<table width=\"623\">\n<tbody>\n<tr>\n<td width=\"312\"><strong><u>Lugar de recogida <\/u><\/strong><\/td>\n<td width=\"312\"><strong><u>Horarios de recogida<\/u><\/strong><\/td>\n<\/tr>\n<tr>\n<td width=\"312\">Koggala y Ahangama<\/td>\n<td width=\"312\">05.00 a. M.<\/td>\n<\/tr>\n<tr>\n<td width=\"312\">Hikkaduwa &#8211; Galle<\/td>\n<td width=\"312\">05.10 a. M.<\/td>\n<\/tr>\n<tr>\n<td width=\"312\">Wadduwa<\/td>\n<td width=\"312\">05.20 a. M.<\/td>\n<\/tr>\n<tr>\n<td width=\"312\">Negombo<\/td>\n<td width=\"312\">05.30 a. M.<\/td>\n<\/tr>\n<tr>\n<td width=\"312\">Colombo<\/td>\n<td width=\"312\">05.30 a. M.<\/td>\n<\/tr>\n<\/tbody>\n<\/table>\n<p><strong><em>Suplemento hotel 04 * \/ 05 * <\/em><\/strong><\/p>\n<p><strong><em>Elija un hotel superior y viaje a\u00a0 Bawa\u00a0 en transporte mejorado.<\/em><\/strong><\/p>\n","protected":false},"excerpt":{"rendered":"<p>La excursi\u00f3n se ofrece con una estancia de una noche en Polonnaruwa. Te proponemos salir entre las 05.00 y las 05.30 a.m. para experimentar el amanecer del d\u00eda, mientras nos acercamos a los pueblos, es emocionante ver a los p\u00e1jaros en bandada y observar c\u00f3mo las carreteras de la ciudad cambian gradualmente a un terreno [&hellip;]<\/p>\n","protected":false},"author":1,"featured_media":0,"parent":3090,"menu_order":18,"comment_status":"closed","ping_status":"closed","template":"","meta":{"footnotes":""},"acf":[],"_links":{"self":[{"href":"https:\/\/www.nkartravelhouse.com\/sp\/wp-json\/wp\/v2\/pages\/3115"}],"collection":[{"href":"https:\/\/www.nkartravelhouse.com\/sp\/wp-json\/wp\/v2\/pages"}],"about":[{"href":"https:\/\/www.nkartravelhouse.com\/sp\/wp-json\/wp\/v2\/types\/page"}],"author":[{"embeddable":true,"href":"https:\/\/www.nkartravelhouse.com\/sp\/wp-json\/wp\/v2\/users\/1"}],"replies":[{"embeddable":true,"href":"https:\/\/www.nkartravelhouse.com\/sp\/wp-json\/wp\/v2\/comments?post=3115"}],"version-history":[{"count":2,"href":"https:\/\/www.nkartravelhouse.com\/sp\/wp-json\/wp\/v2\/pages\/3115\/revisions"}],"predecessor-version":[{"id":11864,"href":"https:\/\/www.nkartravelhouse.com\/sp\/wp-json\/wp\/v2\/pages\/3115\/revisions\/11864"}],"up":[{"embeddable":true,"href":"https:\/\/www.nkartravelhouse.com\/sp\/wp-json\/wp\/v2\/pages\/3090"}],"wp:attachment":[{"href":"https:\/\/www.nkartravelhouse.com\/sp\/wp-json\/wp\/v2\/media?parent=3115"}],"curies":[{"name":"wp","href":"https:\/\/api.w.org\/{rel}","templated":true}]}}