{"id":3127,"date":"2018-12-26T14:47:56","date_gmt":"2018-12-26T09:17:56","guid":{"rendered":"http:\/\/www.nkartravelhouse.com\/sp\/?page_id=3127"},"modified":"2023-07-04T13:53:36","modified_gmt":"2023-07-04T08:23:36","slug":"white-water-rafting-in-sri-lanka","status":"publish","type":"page","link":"https:\/\/www.nkartravelhouse.com\/sp\/excursions\/white-water-rafting-in-sri-lanka.html","title":{"rendered":"Rafting en aguas bravas en Sri Lanka"},"content":{"rendered":"<p>Para aquellos que buscan aventuras,\u00a0 Kithulgala. Kithulgala es uno de los lugares m\u00e1s pintorescos de Sri Lanka, ubicado junto al r\u00edo Kelani y rodeado de plantaciones de t\u00e9 y caucho y parcelas de bosque, ofrece a los viajeros la oportunidad de disfrutar de una variedad de emocionantes deportes de aventura. Kitulgala ha sido una vez el lugar de rodaje de la \u00e9pica &#8220;Bridge on the River Kwai&#8221; de David Lean, ganadora del Oscar en 1957, a orillas del r\u00edo Kelani.<\/p>\n<p>Participa en el rafting en aguas bravas de Kithulgala, donde tendr\u00e1s una mezcla de emocionantes r\u00e1pidos con secciones tranquilas. Los siete r\u00e1pidos de Kithulgala en un tramo de 7 km del r\u00edo Kelani var\u00edan de Grado 2 a Grado 4. (El Rafting Grado 5 ser\u00eda el m\u00e1s dif\u00edcil, el Grado 6 ser\u00eda intransitable para balsas de goma). Algunos nombres de los r\u00e1pidos son imaginativos, como Virgin&#8217;s Breast, Butter Crunch, Killer&#8217;s Fall, White Quartpper, Head Chopper, Rafter&#8217;s Quarter.<\/p>\n<p>Despu\u00e9s de una emocionante sesi\u00f3n de rafting, disfruta del almuerzo en un lugar perfecto junto al r\u00edo, degustando el arte de la cocina de Sri Lanka.<\/p>\n<p>Regresa con recuerdos inolvidables<\/p>\n<table width=\"623\">\n<tbody>\n<tr>\n<td width=\"312\"><strong><u>Lugar de recogida <\/u><\/strong><\/td>\n<td width=\"312\"><strong><u>Horarios de recogida<\/u><\/strong><\/td>\n<\/tr>\n<tr>\n<td width=\"312\">Koggala y Ahangama<\/td>\n<td width=\"312\">05.00 a. M.<\/td>\n<\/tr>\n<tr>\n<td width=\"312\">Hikkaduwa &#8211; Galle<\/td>\n<td width=\"312\">05.15 a. M.<\/td>\n<\/tr>\n<tr>\n<td width=\"312\">Wadduwa<\/td>\n<td width=\"312\">06.00 a. M.<\/td>\n<\/tr>\n<tr>\n<td width=\"312\">Negombo<\/td>\n<td width=\"312\">06.15 a. M.<\/td>\n<\/tr>\n<tr>\n<td width=\"312\">Colombo<\/td>\n<td width=\"312\">06.30 a. M.<\/td>\n<\/tr>\n<\/tbody>\n<\/table>\n","protected":false},"excerpt":{"rendered":"<p>Para aquellos que buscan aventuras,\u00a0 Kithulgala. Kithulgala es uno de los lugares m\u00e1s pintorescos de Sri Lanka, ubicado junto al r\u00edo Kelani y rodeado de plantaciones de t\u00e9 y caucho y parcelas de bosque, ofrece a los viajeros la oportunidad de disfrutar de una variedad de emocionantes deportes de aventura. Kitulgala ha sido una vez [&hellip;]<\/p>\n","protected":false},"author":1,"featured_media":0,"parent":3090,"menu_order":24,"comment_status":"closed","ping_status":"closed","template":"","meta":{"footnotes":""},"acf":[],"_links":{"self":[{"href":"https:\/\/www.nkartravelhouse.com\/sp\/wp-json\/wp\/v2\/pages\/3127"}],"collection":[{"href":"https:\/\/www.nkartravelhouse.com\/sp\/wp-json\/wp\/v2\/pages"}],"about":[{"href":"https:\/\/www.nkartravelhouse.com\/sp\/wp-json\/wp\/v2\/types\/page"}],"author":[{"embeddable":true,"href":"https:\/\/www.nkartravelhouse.com\/sp\/wp-json\/wp\/v2\/users\/1"}],"replies":[{"embeddable":true,"href":"https:\/\/www.nkartravelhouse.com\/sp\/wp-json\/wp\/v2\/comments?post=3127"}],"version-history":[{"count":3,"href":"https:\/\/www.nkartravelhouse.com\/sp\/wp-json\/wp\/v2\/pages\/3127\/revisions"}],"predecessor-version":[{"id":11870,"href":"https:\/\/www.nkartravelhouse.com\/sp\/wp-json\/wp\/v2\/pages\/3127\/revisions\/11870"}],"up":[{"embeddable":true,"href":"https:\/\/www.nkartravelhouse.com\/sp\/wp-json\/wp\/v2\/pages\/3090"}],"wp:attachment":[{"href":"https:\/\/www.nkartravelhouse.com\/sp\/wp-json\/wp\/v2\/media?parent=3127"}],"curies":[{"name":"wp","href":"https:\/\/api.w.org\/{rel}","templated":true}]}}