{"id":3138,"date":"2018-12-26T14:49:41","date_gmt":"2018-12-26T09:19:41","guid":{"rendered":"http:\/\/www.nkartravelhouse.com\/sp\/?page_id=3138"},"modified":"2023-06-12T11:30:18","modified_gmt":"2023-06-12T06:00:18","slug":"sri-lanka-bird-watching-tours","status":"publish","type":"page","link":"https:\/\/www.nkartravelhouse.com\/sp\/excursions\/sri-lanka-bird-watching-tours.html","title":{"rendered":"Observaci\u00f3n de aves y una experiencia \u00fanica en la selva tropical &#8220;Sinharaja&#8221;"},"content":{"rendered":"<p>Sri Lanka es uno de los mejores lugares del mundo para la observaci\u00f3n de aves. Entre las 427 especies registradas, 250 son residentes y 33 son end\u00e9micas de esta isla paradis\u00edaca. Con tal variedad de entornos que van desde la zona h\u00fameda a la seca, del bosque a la jungla y de las colinas a las tierras bajas, los lugares fascinantes en los que se pueden observar muchas de estas hermosas aves son infinitos.<\/p>\n<p>Te recoger\u00e1n y saldremos rumbo a la selva tropical de Sinharaja, el punto de acceso a la biodiversidad de Sri Lanka, donde podr\u00e1s imaginarte la rica fauna de aves. Para los amantes de las aves que desean ver las 33 especies de aves end\u00e9micas, sinharaja es el mejor lugar.<\/p>\n<p>La selva tropical de Sinharaja es un sitio del patrimonio mundial, que tambi\u00e9n se puede describir como una selva tropical de tierras bajas o un bosque tropical h\u00famedo siempre verde. Ocupa 118425 acres en la zona h\u00fameda de Sri Lanka. Sinharaja es declarada reserva de la biosfera en 1978 debido a su importancia para el mundo. Tambi\u00e9n fue declarado como patrimonio de la humanidad por la UNESCO en 1988 y Sinharaja es el primer sitio natural del patrimonio mundial en la isla. Esta selva tropical siempre verde de tierras bajas est\u00e1 impregnada de profundas leyendas y misterios. La selva tropical de Sinharaja es compartida por 3 provincias de Sri Lanka, a saber, la provincia del sur, la provincia del oeste y la provincia de Sabaragamuwa.<\/p>\n<p>Despu\u00e9s de una emocionante expedici\u00f3n, antes de regresar, disfruta de un relajado almuerzo en el jard\u00edn.<\/p>\n<table width=\"623\">\n<tbody>\n<tr>\n<td width=\"312\"><strong><u>Lugar de recogida <\/u><\/strong><\/td>\n<td width=\"312\"><strong><u>Horarios de recogida<\/u><\/strong><\/td>\n<\/tr>\n<tr>\n<td width=\"312\">Negombo<\/td>\n<td width=\"312\">05.00 a. M.<\/td>\n<\/tr>\n<tr>\n<td width=\"312\">Colombo<\/td>\n<td width=\"312\">05.15 a. M.<\/td>\n<\/tr>\n<tr>\n<td width=\"312\">Wadduwa<\/td>\n<td width=\"312\">05.20 a. M.<\/td>\n<\/tr>\n<tr>\n<td width=\"312\">Hikkaduwa &#8211; Galle<\/td>\n<td width=\"312\">06.00 a. M.<\/td>\n<\/tr>\n<tr>\n<td width=\"312\">Koggala y Ahangama<\/td>\n<td width=\"312\">06.00 a. M.<\/td>\n<\/tr>\n<\/tbody>\n<\/table>\n","protected":false},"excerpt":{"rendered":"<p>Sri Lanka es uno de los mejores lugares del mundo para la observaci\u00f3n de aves. Entre las 427 especies registradas, 250 son residentes y 33 son end\u00e9micas de esta isla paradis\u00edaca. Con tal variedad de entornos que van desde la zona h\u00fameda a la seca, del bosque a la jungla y de las colinas a [&hellip;]<\/p>\n","protected":false},"author":1,"featured_media":0,"parent":3090,"menu_order":15,"comment_status":"closed","ping_status":"closed","template":"","meta":{"footnotes":""},"acf":[],"_links":{"self":[{"href":"https:\/\/www.nkartravelhouse.com\/sp\/wp-json\/wp\/v2\/pages\/3138"}],"collection":[{"href":"https:\/\/www.nkartravelhouse.com\/sp\/wp-json\/wp\/v2\/pages"}],"about":[{"href":"https:\/\/www.nkartravelhouse.com\/sp\/wp-json\/wp\/v2\/types\/page"}],"author":[{"embeddable":true,"href":"https:\/\/www.nkartravelhouse.com\/sp\/wp-json\/wp\/v2\/users\/1"}],"replies":[{"embeddable":true,"href":"https:\/\/www.nkartravelhouse.com\/sp\/wp-json\/wp\/v2\/comments?post=3138"}],"version-history":[{"count":2,"href":"https:\/\/www.nkartravelhouse.com\/sp\/wp-json\/wp\/v2\/pages\/3138\/revisions"}],"predecessor-version":[{"id":11747,"href":"https:\/\/www.nkartravelhouse.com\/sp\/wp-json\/wp\/v2\/pages\/3138\/revisions\/11747"}],"up":[{"embeddable":true,"href":"https:\/\/www.nkartravelhouse.com\/sp\/wp-json\/wp\/v2\/pages\/3090"}],"wp:attachment":[{"href":"https:\/\/www.nkartravelhouse.com\/sp\/wp-json\/wp\/v2\/media?parent=3138"}],"curies":[{"name":"wp","href":"https:\/\/api.w.org\/{rel}","templated":true}]}}