{"id":4899,"date":"2019-02-21T11:55:39","date_gmt":"2019-02-21T06:25:39","guid":{"rendered":"http:\/\/www.nkartravelhouse.com\/sp\/?page_id=4899"},"modified":"2023-07-04T14:56:06","modified_gmt":"2023-07-04T09:26:06","slug":"the-company","status":"publish","type":"page","link":"https:\/\/www.nkartravelhouse.com\/sp\/why-nkar\/the-company.html","title":{"rendered":"The Company"},"content":{"rendered":"<p>Esta empresa se concentra totalmente en ofrecer viajes a Sri Lanka para visitantes extranjeros, viajes y vacaciones fuera de la isla para los viajeros de Sri Lanka, organizaci\u00f3n de cruceros y emisi\u00f3n de billetes de avi\u00f3n, seguros de viaje y asistencia en los tr\u00e1mites de visado. Tambi\u00e9n facilitamos las reuniones corporativas necesarias en el extranjero, la reserva de entradas de teatro, cenas en crucero, etc. <\/p>\n<p>El equipo de MICE est\u00e1 bien enfocado en la gesti\u00f3n log\u00edstica de alto nivel en Sri Lanka, organizando emocionantes vacaciones de incentivo junto con cenas de etiqueta y de gala, actividad de creaci\u00f3n de liderazgo, reuniones y conferencias seg\u00fan un plan preciso combinado con programas de meditaci\u00f3n y yoga. <\/p>\n<p>Un servicio muy apasionado, que se hace extensivo en Sri Lanka a las producciones cinematogr\u00e1ficas extranjeras. Tambi\u00e9n en este caso se da gran prioridad a la gesti\u00f3n log\u00edstica. Los datos recopilados con diversas localizaciones y emplazamientos ayudar\u00e1n al cliente a buscar ubicaciones y lugares con el m\u00ednimo de tiempo, mientras que los servicios incluyen toda la gesti\u00f3n de la log\u00edstica y las finanzas. Todo lo que se requiera para la producci\u00f3n de una pel\u00edcula en el extranjero ser\u00e1 atendido por nuestro Eye to filming<\/p>\n<p>&nbsp;<\/p>\n<h4> Nuestra historia en resumen <\/h4>\n<p>Al principio hubo una visi\u00f3n&#8230; y la voluntad de transformarla en realidad. Las p\u00e1ginas que se despliegan trazan nuestro crecimiento, de fuerza en fuerza, hasta nuestra posici\u00f3n actual como un nombre establecido y admirado en el \u00e1mbito corporativo.<\/p>\n<h4>Receptivo<\/h4>\n<p>A lo largo de los a\u00f1os, nos hemos consolidado como una empresa profesional de gesti\u00f3n de destinos (DMC), que abarca una amplia gama de intereses y actividades, entre ellas: <\/p>\n<h4>Viajes de circuito completo <\/h4>\n<p>Para que disfrutes del verdadero sabor del para\u00edso, recorriendo amplias y variadas zonas de la isla.<\/p>\n<h4>Tours de aventura ligera<\/h4>\n<p>Senderismo, ciclismo, rafting y trekking por los senderos ocultos de la naturaleza y las carreteras secundarias de Sri Lanka. Tambi\u00e9n se crean oportunidades para vivir experiencias interactivas con los lugare\u00f1os.<\/p>\n<h4>Excursiones de inter\u00e9s especial<\/h4>\n<p>Observaci\u00f3n de aves, recorridos arqueol\u00f3gicos en profundidad, golf, recorridos fotogr\u00e1ficos, observaci\u00f3n de ballenas y delfines, entre otros.<\/p>\n<h4>Vacaciones en la playa <\/h4>\n<p>Lo mejor de unas vacaciones tropicales en la playa, que puede abarcar todas las estaciones y todo el a\u00f1o al ser una isla, aprovechando el cambio de marea y el clima de oeste a este y viceversa.<\/p>\n<h4>Ayurveda y bienestar<\/h4>\n<p>Ofrecemos tratamientos hol\u00edsticos con remedios probados en el tiempo para los que se preocupan por su salud<\/p>\n<h4>Propiedades de patrimonio y car\u00e1cter <\/h4>\n<p>Para los clientes de alto poder adquisitivo. <\/p>\n<h4>Bodas y lunas de miel <\/h4>\n<p>Bodas al estilo de Sri Lanka, incluida la ceremonia \u201cPoruwa&#8221;. <\/p>\n<h4>Viajes largos <\/h4>\n<p>Al sur de la India y a las Maldivas. <\/p>\n<h4>Transporte<\/h4>\n<p>Diferentes tipos y una selecci\u00f3n de transportes terrestres y a\u00e9reos nacionales.<\/p>\n<h4>Viajes al exterior <\/h4>\n<h4>Ocio<\/h4>\n<p>Atendemos los diversos intereses de nuestros clientes: desde cruceros, peregrinaciones, viajes de compras y safaris por la naturaleza, hasta viajes por la nieve, como los glaciares, los cruceros por el \u00c1rtico y el Himalaya. Todos los requisitos de los viajes al extranjero de nuestros clientes se gestionan de principio a fin, en un \u00fanico paquete: emisi\u00f3n de billetes, recogida en el aeropuerto, transporte, alojamiento en hoteles, entradas a parques tem\u00e1ticos, cruceros con cena, reservas de teatro, etc. Las asociaciones profesionales y nuestras conexiones en m\u00e1s de 50 destinos son la garant\u00eda para nuestros clientes de unas vacaciones agradables y sin complicaciones.<\/p>\n<h4>Viajes de empresa <\/h4>\n<p>Para el viajero corporativo de alto nivel, nuestro equipo de personal especializado proporciona un servicio eficiente y garantizado. Esto incluye tarifas a\u00e9reas rentables, alojamiento en hoteles, seguros, alquiler de coches, traslados al aeropuerto, transporte terrestre, incluyendo billetes de tren, as\u00ed como la maximizaci\u00f3n de los beneficios de los programas de viajeros frecuentes. Nuestra buena relaci\u00f3n, construida gracias a una gran integridad con las misiones diplom\u00e1ticas, agiliza la gesti\u00f3n de los visados. <\/p>\n<p>La Divisi\u00f3n de Viajes Emisores ha crecido de forma constante desde su inicio, disfrutando de buenos rendimientos, as\u00ed como de estabilidad.<\/p>\n<p>NKAR es la entidad hom\u00f3loga en Sri Lanka de una asociaci\u00f3n mundial de viajes corporativos que abarca 87 pa\u00edses. Nuestros pasajeros corporativos reciben asistencia a trav\u00e9s de la red de socios FCM Travel Solutions en caso de situaciones de emergencia y cuando se requiere apoyo para cualquier cambio de plan en el otro extremo. <\/p>\n<p><strong>Perfil del Director General <\/strong><\/p>\n<p><strong>El Sr. Nilmin Nanayakkara<\/strong>, Director General de NKAR Travels &#038; Tours(Pvt) Limited, es una personalidad din\u00e1mica con m\u00e1s de 40 a\u00f1os de experiencia en el sector de los viajes, el turismo y las aerol\u00edneas. Fue invitado a ser el Presidente de la Asociaci\u00f3n de Agentes de la IATA de Sri Lanka para el a\u00f1o 1997-1998. En 2001\/2002 ocup\u00f3 el cargo de Vicepresidente de la Asociaci\u00f3n de Agentes de Viajes de Sri Lanka y tambi\u00e9n form\u00f3 parte del Comit\u00e9 Asesor de Turismo del Ministro de Turismo en el a\u00f1o 2007\/2008. El Sr. Nanayakkara fue elegido Presidente de la Asociaci\u00f3n de Operadores Tur\u00edsticos Receptivos de Sri Lanka (SLAITO) para el a\u00f1o 2010-2011 y fue reelegido Presidente para el a\u00f1o 2011-2012<\/p>\n<p>En el a\u00f1o 2010 fue el miembro m\u00e1s joven del sector en recibir el &#8220;Premio a la Leyenda&#8221; de la Asociaci\u00f3n de Agentes de la IATA de Sri Lanka en reconocimiento a su contribuci\u00f3n al sector. El Sr. Nanayakkara es miembro del Consejo de la Oficina de Promoci\u00f3n del Turismo de Sri Lanka desde 2010, nombrado por el Ministro de Desarrollo Econ\u00f3mico. Ocupa una cartera de responsabilidad en la Junta. <\/p>\n<p><img loading=\"lazy\" decoding=\"async\" class=\"img-responsive alignnone wp-image-10818 size-full\" src=\"https:\/\/d31t1a4b1z64ez.cloudfront.net\/sites\/18\/2021\/02\/Company-Inforgraphic-spanish.png\" alt=\"\" width=\"1490\" height=\"6938\" \/><\/p>\n<p><!--<img loading=\"lazy\" decoding=\"async\" class=\"img-responsive alignnone wp-image-10818 size-full\" src=\"https:\/\/d31t1a4b1z64ez.cloudfront.net\/sites\/18\/2020\/09\/Company-Inforgraphic-4.png\" alt=\"\" width=\"1490\" height=\"6938\" srcset=\"https:\/\/d31t1a4b1z64ez.cloudfront.net\/sites\/18\/2020\/09\/Company-Inforgraphic-4.png 1490w, https:\/\/d31t1a4b1z64ez.cloudfront.net\/sites\/18\/2020\/09\/Company-Inforgraphic-4-768x3576.png 768w, https:\/\/d31t1a4b1z64ez.cloudfront.net\/sites\/18\/2020\/09\/Company-Inforgraphic-4-330x1536.png 330w, https:\/\/d31t1a4b1z64ez.cloudfront.net\/sites\/18\/2020\/09\/Company-Inforgraphic-4-440x2048.png 440w, https:\/\/d31t1a4b1z64ez.cloudfront.net\/sites\/18\/2020\/09\/Company-Inforgraphic-4-200x931.png 200w\" sizes=\"(max-width: 1490px) 100vw, 1490px\" \/>--><\/p>\n","protected":false},"excerpt":{"rendered":"<p>Esta empresa se concentra totalmente en ofrecer viajes a Sri Lanka para visitantes extranjeros, viajes y vacaciones fuera de la isla para los viajeros de Sri Lanka, organizaci\u00f3n de cruceros y emisi\u00f3n de billetes de avi\u00f3n, seguros de viaje y asistencia en los tr\u00e1mites de visado. Tambi\u00e9n facilitamos las reuniones corporativas necesarias en el extranjero, [&hellip;]<\/p>\n","protected":false},"author":1,"featured_media":0,"parent":8285,"menu_order":9,"comment_status":"closed","ping_status":"closed","template":"","meta":{"footnotes":""},"acf":[],"_links":{"self":[{"href":"https:\/\/www.nkartravelhouse.com\/sp\/wp-json\/wp\/v2\/pages\/4899"}],"collection":[{"href":"https:\/\/www.nkartravelhouse.com\/sp\/wp-json\/wp\/v2\/pages"}],"about":[{"href":"https:\/\/www.nkartravelhouse.com\/sp\/wp-json\/wp\/v2\/types\/page"}],"author":[{"embeddable":true,"href":"https:\/\/www.nkartravelhouse.com\/sp\/wp-json\/wp\/v2\/users\/1"}],"replies":[{"embeddable":true,"href":"https:\/\/www.nkartravelhouse.com\/sp\/wp-json\/wp\/v2\/comments?post=4899"}],"version-history":[{"count":4,"href":"https:\/\/www.nkartravelhouse.com\/sp\/wp-json\/wp\/v2\/pages\/4899\/revisions"}],"predecessor-version":[{"id":4926,"href":"https:\/\/www.nkartravelhouse.com\/sp\/wp-json\/wp\/v2\/pages\/4899\/revisions\/4926"}],"up":[{"embeddable":true,"href":"https:\/\/www.nkartravelhouse.com\/sp\/wp-json\/wp\/v2\/pages\/8285"}],"wp:attachment":[{"href":"https:\/\/www.nkartravelhouse.com\/sp\/wp-json\/wp\/v2\/media?parent=4899"}],"curies":[{"name":"wp","href":"https:\/\/api.w.org\/{rel}","templated":true}]}}