{"id":7964,"date":"2019-11-07T12:36:51","date_gmt":"2019-11-07T07:06:51","guid":{"rendered":"http:\/\/www.nkartravelhouse.com\/sp\/?page_id=7964"},"modified":"2023-07-04T14:54:39","modified_gmt":"2023-07-04T09:24:39","slug":"glimpse-of-sri-lanka-05n-06d","status":"publish","type":"page","link":"https:\/\/www.nkartravelhouse.com\/sp\/tours\/classical-tours\/glimpse-of-sri-lanka-05n-06d.html","title":{"rendered":"SRI LANKA DE UN VISTAZO &#8211; 05 NOCHES 06 D\u00cdAS"},"content":{"rendered":"<p>\u00bfEsperando poder echar un vistazo a la hermosa isla paradis\u00edaca? Si es as\u00ed, el &#8216;Sri Lanka de un vistazo&#8217; es el tour que deber\u00edas hacer para ser testigo y experimentar la encantadora, magn\u00edfica, pintoresca, impresionante y embriagadora Sri Lanka. Prep\u00e1rate para el viaje definitivo sumergi\u00e9ndote en una tierra de experiencias inolvidables, mientras eres testigo de una mezcla de historia, cultura, tradiciones, festivales, arquitectura y paisajes en cada uno de nuestros destinos elegidos. Tendr\u00e1s muchas experiencias \u00fanicas para llevarte a casa de esta isla, desde contemplar las alt\u00edsimas colinas centrales, los valles que se entretejen en las verdes monta\u00f1as, aprender la historia de los magn\u00edficos templos, escaladas en roca a lugares de patrimonio mundial para explorar cuevas y frescos, trekking para admirar incre\u00edbles vistas panor\u00e1micas, safaris en jeep llenos de adrenalina , ponerte al d\u00eda con los emocionantes acontecimientos de la ciudad y mucho m\u00e1s. Sri Lanka alberga una gran cantidad de destinos espectaculares y atracciones paisaj\u00edsticas, cada uno con su propia historia. Emb\u00e1rcate en nuestro tour cuidadosamente dise\u00f1ado con experiencias \u00fanicas de principio a fin, exclusivamente pensadas para ti.<\/p>\n","protected":false},"excerpt":{"rendered":"<p>\u00bfEsperando poder echar un vistazo a la hermosa isla paradis\u00edaca? Si es as\u00ed, el &#8216;Sri Lanka de un vistazo&#8217; es el tour que deber\u00edas hacer para ser testigo y experimentar la encantadora, magn\u00edfica, pintoresca, impresionante y embriagadora Sri Lanka. Prep\u00e1rate para el viaje definitivo sumergi\u00e9ndote en una tierra de experiencias inolvidables, mientras eres testigo de [&hellip;]<\/p>\n","protected":false},"author":1,"featured_media":0,"parent":7874,"menu_order":3,"comment_status":"closed","ping_status":"closed","template":"","meta":{"footnotes":""},"acf":[],"_links":{"self":[{"href":"https:\/\/www.nkartravelhouse.com\/sp\/wp-json\/wp\/v2\/pages\/7964"}],"collection":[{"href":"https:\/\/www.nkartravelhouse.com\/sp\/wp-json\/wp\/v2\/pages"}],"about":[{"href":"https:\/\/www.nkartravelhouse.com\/sp\/wp-json\/wp\/v2\/types\/page"}],"author":[{"embeddable":true,"href":"https:\/\/www.nkartravelhouse.com\/sp\/wp-json\/wp\/v2\/users\/1"}],"replies":[{"embeddable":true,"href":"https:\/\/www.nkartravelhouse.com\/sp\/wp-json\/wp\/v2\/comments?post=7964"}],"version-history":[{"count":4,"href":"https:\/\/www.nkartravelhouse.com\/sp\/wp-json\/wp\/v2\/pages\/7964\/revisions"}],"predecessor-version":[{"id":11930,"href":"https:\/\/www.nkartravelhouse.com\/sp\/wp-json\/wp\/v2\/pages\/7964\/revisions\/11930"}],"up":[{"embeddable":true,"href":"https:\/\/www.nkartravelhouse.com\/sp\/wp-json\/wp\/v2\/pages\/7874"}],"wp:attachment":[{"href":"https:\/\/www.nkartravelhouse.com\/sp\/wp-json\/wp\/v2\/media?parent=7964"}],"curies":[{"name":"wp","href":"https:\/\/api.w.org\/{rel}","templated":true}]}}